{"id":3975,"date":"2019-08-28T10:32:28","date_gmt":"2019-08-28T08:32:28","guid":{"rendered":"http:\/\/csi.pwszchelm.edu.pl\/?page_id=3975"},"modified":"2019-08-28T10:39:05","modified_gmt":"2019-08-28T08:39:05","slug":"laboratorium-meteorologii-lotniczej","status":"publish","type":"page","link":"https:\/\/cl.panschelm.edu.pl\/?page_id=3975","title":{"rendered":"Laboratorium Meteorologii Lotniczej"},"content":{"rendered":"<p><img loading=\"lazy\" decoding=\"async\" class=\"aligncenter wp-image-3978 size-full\" src=\"http:\/\/csi.panschelm.edu.pl\/wp-content\/uploads\/2019\/08\/lab-meteorologii-lotniczej.jpg\" alt=\"\" width=\"735\" height=\"453\" srcset=\"https:\/\/cl.panschelm.edu.pl\/wp-content\/uploads\/2019\/08\/lab-meteorologii-lotniczej.jpg 735w, https:\/\/cl.panschelm.edu.pl\/wp-content\/uploads\/2019\/08\/lab-meteorologii-lotniczej-300x185.jpg 300w\" sizes=\"auto, (max-width: 735px) 100vw, 735px\" \/><\/p>\n<p>Podstawowymi celami realizacji zaj\u0119\u0107 w ramach laboratorium meteorologicznego jest zapoznanie student\u00f3w z metodami pomiar\u00f3w element\u00f3w meteorologicznych oraz mo\u017cliwo\u015bciami wykorzystania dost\u0119pnych danych satelitarnych w badaniu proces\u00f3w atmosferycznych i klimatu Ziemi, zapoznanie z metodami bada\u0144 stosowanymi w meteorologii i klimatologii, zapoznanie student\u00f3w z najcz\u0119\u015bciej stosowanymi metodami opracowa\u0144 klimatologicznych.<\/p>\n<p>&nbsp;<\/p>\n<p><strong>Podstawowe pomiary:<\/strong><\/p>\n<ul>\n<li>temperatury za pomoc\u0105 termometru stacyjnego, minimalnego, maksymalnego, termografu,<\/li>\n<li>ci\u015bnienia atmosferycznego za pomoc\u0105 barometru, barografu,<\/li>\n<li>wilgotno\u015bci powietrza za pomoc\u0105 higrometru,<\/li>\n<li>wilgotno\u015bci powietrza za pomoc\u0105 psychometru,<\/li>\n<li>pr\u0119dko\u015bci wiatru za pomoc\u0105 anemometru,<\/li>\n<li>kierunku wiatru za pomoc\u0105 wiatromierza,<\/li>\n<li>podstawy chmur za pomoc\u0105 cejlometru,<\/li>\n<li>wielko\u015bci opad\u00f3w za pomoc\u0105 deszczomierza.<\/li>\n<\/ul>\n<p>&nbsp;<\/p>\n<p><strong>Przyk\u0142adowe tematy \u0107wicze\u0144 laboratoryjnych:<\/strong><\/p>\n<ul>\n<li>Pomiar temperatury<\/li>\n<li>Pomiar ci\u015bnienia<\/li>\n<li>Pomiar wilgotno\u015bci<\/li>\n<li>Pomiar pr\u0119dko\u015bci wiatru<\/li>\n<li>Pomiar podstawy chmur<\/li>\n<li>Pomiar wielko\u015bci opad\u00f3w<\/li>\n<li>Klatka meteorologiczna wg. INGIW<\/li>\n<\/ul>\n","protected":false},"excerpt":{"rendered":"<p>Podstawowymi celami realizacji zaj\u0119\u0107 w ramach laboratorium meteorologicznego jest zapoznanie student\u00f3w z metodami pomiar\u00f3w element\u00f3w meteorologicznych oraz mo\u017cliwo\u015bciami wykorzystania dost\u0119pnych danych satelitarnych w badaniu proces\u00f3w atmosferycznych i klimatu Ziemi, zapoznanie z metodami bada\u0144 stosowanymi w meteorologii i klimatologii, zapoznanie student\u00f3w z najcz\u0119\u015bciej stosowanymi metodami opracowa\u0144 klimatologicznych. &nbsp; Podstawowe pomiary: temperatury za pomoc\u0105 termometru stacyjnego, minimalnego,&#8230; <\/p>\n<div class=\"clear\"><\/div>\n<p><a href=\"https:\/\/cl.panschelm.edu.pl\/?page_id=3975\" class=\"excerpt-read-more\">Czytaj wi\u0119cej<i class=\"fa fa-angle-double-right icon-double-angle-right\"><\/i><\/a><\/p>\n","protected":false},"author":1,"featured_media":3978,"parent":0,"menu_order":0,"comment_status":"closed","ping_status":"closed","template":"","meta":{"footnotes":""},"class_list":["post-3975","page","type-page","status-publish","has-post-thumbnail","hentry"],"publishpress_future_action":{"enabled":false,"date":"1970-01-01 01:00:00","action":"","terms":[],"taxonomy":"","browser_timezone_offset":0},"_links":{"self":[{"href":"https:\/\/cl.panschelm.edu.pl\/index.php?rest_route=\/wp\/v2\/pages\/3975","targetHints":{"allow":["GET"]}}],"collection":[{"href":"https:\/\/cl.panschelm.edu.pl\/index.php?rest_route=\/wp\/v2\/pages"}],"about":[{"href":"https:\/\/cl.panschelm.edu.pl\/index.php?rest_route=\/wp\/v2\/types\/page"}],"author":[{"embeddable":true,"href":"https:\/\/cl.panschelm.edu.pl\/index.php?rest_route=\/wp\/v2\/users\/1"}],"replies":[{"embeddable":true,"href":"https:\/\/cl.panschelm.edu.pl\/index.php?rest_route=%2Fwp%2Fv2%2Fcomments&post=3975"}],"version-history":[{"count":5,"href":"https:\/\/cl.panschelm.edu.pl\/index.php?rest_route=\/wp\/v2\/pages\/3975\/revisions"}],"predecessor-version":[{"id":3982,"href":"https:\/\/cl.panschelm.edu.pl\/index.php?rest_route=\/wp\/v2\/pages\/3975\/revisions\/3982"}],"wp:featuredmedia":[{"embeddable":true,"href":"https:\/\/cl.panschelm.edu.pl\/index.php?rest_route=\/wp\/v2\/media\/3978"}],"wp:attachment":[{"href":"https:\/\/cl.panschelm.edu.pl\/index.php?rest_route=%2Fwp%2Fv2%2Fmedia&parent=3975"}],"curies":[{"name":"wp","href":"https:\/\/api.w.org\/{rel}","templated":true}]}}