{"id":3983,"date":"2019-08-28T10:45:13","date_gmt":"2019-08-28T08:45:13","guid":{"rendered":"http:\/\/csi.pwszchelm.edu.pl\/?page_id=3983"},"modified":"2019-08-28T10:48:32","modified_gmt":"2019-08-28T08:48:32","slug":"laboratorium-komputerowego-wspomagania-projektowania-konstrukcji-lotniczych","status":"publish","type":"page","link":"https:\/\/cl.panschelm.edu.pl\/?page_id=3983","title":{"rendered":"Laboratorium Komputerowego Wspomagania Projektowania Konstrukcji Lotniczych"},"content":{"rendered":"<p><img loading=\"lazy\" decoding=\"async\" class=\"aligncenter wp-image-3984 size-full-slider\" src=\"http:\/\/csi.panschelm.edu.pl\/wp-content\/uploads\/2019\/08\/lab-komputerowego-wspomagania-projektowania-konstrukcji-lotniczych-735x380.jpg\" alt=\"\" width=\"735\" height=\"380\" \/><\/p>\n<p>W trakcie zaj\u0119\u0107 studenci realizuj\u0105 zadania zwi\u0105zane z projektowaniem proces\u00f3w technologicznych obr\u00f3bki i monta\u017cu, modelowaniem i zapisem konstrukcji, modelowaniem i analiz\u0105 z\u0142o\u017conych wyrob\u00f3w w systemie CAD\/CAM CATIA.<\/p>\n","protected":false},"excerpt":{"rendered":"<p>W trakcie zaj\u0119\u0107 studenci realizuj\u0105 zadania zwi\u0105zane z projektowaniem proces\u00f3w technologicznych obr\u00f3bki i monta\u017cu, modelowaniem i zapisem konstrukcji, modelowaniem i analiz\u0105 z\u0142o\u017conych wyrob\u00f3w w systemie CAD\/CAM CATIA.<\/p>\n","protected":false},"author":1,"featured_media":3984,"parent":0,"menu_order":0,"comment_status":"closed","ping_status":"closed","template":"","meta":{"footnotes":""},"class_list":["post-3983","page","type-page","status-publish","has-post-thumbnail","hentry"],"publishpress_future_action":{"enabled":false,"date":"1970-01-01 01:00:00","action":"","terms":[],"taxonomy":"","browser_timezone_offset":0},"_links":{"self":[{"href":"https:\/\/cl.panschelm.edu.pl\/index.php?rest_route=\/wp\/v2\/pages\/3983","targetHints":{"allow":["GET"]}}],"collection":[{"href":"https:\/\/cl.panschelm.edu.pl\/index.php?rest_route=\/wp\/v2\/pages"}],"about":[{"href":"https:\/\/cl.panschelm.edu.pl\/index.php?rest_route=\/wp\/v2\/types\/page"}],"author":[{"embeddable":true,"href":"https:\/\/cl.panschelm.edu.pl\/index.php?rest_route=\/wp\/v2\/users\/1"}],"replies":[{"embeddable":true,"href":"https:\/\/cl.panschelm.edu.pl\/index.php?rest_route=%2Fwp%2Fv2%2Fcomments&post=3983"}],"version-history":[{"count":1,"href":"https:\/\/cl.panschelm.edu.pl\/index.php?rest_route=\/wp\/v2\/pages\/3983\/revisions"}],"predecessor-version":[{"id":3985,"href":"https:\/\/cl.panschelm.edu.pl\/index.php?rest_route=\/wp\/v2\/pages\/3983\/revisions\/3985"}],"wp:featuredmedia":[{"embeddable":true,"href":"https:\/\/cl.panschelm.edu.pl\/index.php?rest_route=\/wp\/v2\/media\/3984"}],"wp:attachment":[{"href":"https:\/\/cl.panschelm.edu.pl\/index.php?rest_route=%2Fwp%2Fv2%2Fmedia&parent=3983"}],"curies":[{"name":"wp","href":"https:\/\/api.w.org\/{rel}","templated":true}]}}