{"id":3987,"date":"2019-08-28T10:47:23","date_gmt":"2019-08-28T08:47:23","guid":{"rendered":"http:\/\/csi.pwszchelm.edu.pl\/?page_id=3987"},"modified":"2019-08-28T14:53:18","modified_gmt":"2019-08-28T12:53:18","slug":"laboratorium-awioniki-i-systemow-sterowania","status":"publish","type":"page","link":"https:\/\/cl.panschelm.edu.pl\/?page_id=3987","title":{"rendered":"Laboratorium Awioniki i System\u00f3w Sterowania"},"content":{"rendered":"<p><img loading=\"lazy\" decoding=\"async\" class=\"aligncenter wp-image-3988 size-full-slider\" src=\"http:\/\/csi.panschelm.edu.pl\/wp-content\/uploads\/2019\/08\/lab-awioniki-i-systemow-sterowania-733x380.jpg\" alt=\"\" width=\"733\" height=\"380\" \/><\/p>\n<p>To nowoczesne laboratorium wyposa\u017cone jest w szereg tester\u00f3w umo\u017cliwiaj\u0105cych testowanie awioniki lotniczej np.:<\/p>\n<ul>\n<li>tester system\u00f3w nawigacyjnych GPSG 1000,<\/li>\n<li>tester instalacji paliwowych PSD-60 2R,<\/li>\n<li>tester ci\u015bnienia ca\u0142kowitego i statycznego danych aerometrycznych PS-525,<\/li>\n<li>tester radiokomunikacyjny IFR 3500A,<\/li>\n<li>tester NAV\/COMM IFR 4000,<\/li>\n<li>tester transpondera IFR 6000,<\/li>\n<li>tester wibracji \u015bmig\u0142a, wibracji wirnika, analizator widma Vibrex 2000.<\/li>\n<\/ul>\n","protected":false},"excerpt":{"rendered":"<p>To nowoczesne laboratorium wyposa\u017cone jest w szereg tester\u00f3w umo\u017cliwiaj\u0105cych testowanie awioniki lotniczej np.: tester system\u00f3w nawigacyjnych GPSG 1000, tester instalacji paliwowych PSD-60 2R, tester ci\u015bnienia ca\u0142kowitego i statycznego danych aerometrycznych PS-525, tester radiokomunikacyjny IFR 3500A, tester NAV\/COMM IFR 4000, tester transpondera IFR 6000, tester wibracji \u015bmig\u0142a, wibracji wirnika, analizator widma Vibrex 2000.<\/p>\n","protected":false},"author":1,"featured_media":3988,"parent":0,"menu_order":0,"comment_status":"closed","ping_status":"closed","template":"","meta":{"footnotes":""},"class_list":["post-3987","page","type-page","status-publish","has-post-thumbnail","hentry"],"publishpress_future_action":{"enabled":false,"date":"1970-01-01 01:00:00","action":"","terms":[],"taxonomy":"","browser_timezone_offset":0},"_links":{"self":[{"href":"https:\/\/cl.panschelm.edu.pl\/index.php?rest_route=\/wp\/v2\/pages\/3987","targetHints":{"allow":["GET"]}}],"collection":[{"href":"https:\/\/cl.panschelm.edu.pl\/index.php?rest_route=\/wp\/v2\/pages"}],"about":[{"href":"https:\/\/cl.panschelm.edu.pl\/index.php?rest_route=\/wp\/v2\/types\/page"}],"author":[{"embeddable":true,"href":"https:\/\/cl.panschelm.edu.pl\/index.php?rest_route=\/wp\/v2\/users\/1"}],"replies":[{"embeddable":true,"href":"https:\/\/cl.panschelm.edu.pl\/index.php?rest_route=%2Fwp%2Fv2%2Fcomments&post=3987"}],"version-history":[{"count":2,"href":"https:\/\/cl.panschelm.edu.pl\/index.php?rest_route=\/wp\/v2\/pages\/3987\/revisions"}],"predecessor-version":[{"id":4014,"href":"https:\/\/cl.panschelm.edu.pl\/index.php?rest_route=\/wp\/v2\/pages\/3987\/revisions\/4014"}],"wp:featuredmedia":[{"embeddable":true,"href":"https:\/\/cl.panschelm.edu.pl\/index.php?rest_route=\/wp\/v2\/media\/3988"}],"wp:attachment":[{"href":"https:\/\/cl.panschelm.edu.pl\/index.php?rest_route=%2Fwp%2Fv2%2Fmedia&parent=3987"}],"curies":[{"name":"wp","href":"https:\/\/api.w.org\/{rel}","templated":true}]}}