{"id":4131,"date":"2019-09-09T09:51:58","date_gmt":"2019-09-09T07:51:58","guid":{"rendered":"http:\/\/csi.pwszchelm.edu.pl\/?page_id=4131"},"modified":"2019-09-09T09:51:58","modified_gmt":"2019-09-09T07:51:58","slug":"laboratorium-mechaniki-plynow-i-termodynamiki","status":"publish","type":"page","link":"https:\/\/cl.panschelm.edu.pl\/?page_id=4131","title":{"rendered":"Laboratorium Mechaniki P\u0142yn\u00f3w i Termodynamiki"},"content":{"rendered":"<p><img loading=\"lazy\" decoding=\"async\" class=\"wp-image-4132 size-full aligncenter\" src=\"http:\/\/csi.panschelm.edu.pl\/wp-content\/uploads\/2019\/09\/lab-mechaniki-plynow.jpg\" alt=\"\" width=\"735\" height=\"490\" srcset=\"https:\/\/cl.panschelm.edu.pl\/wp-content\/uploads\/2019\/09\/lab-mechaniki-plynow.jpg 735w, https:\/\/cl.panschelm.edu.pl\/wp-content\/uploads\/2019\/09\/lab-mechaniki-plynow-300x200.jpg 300w\" sizes=\"auto, (max-width: 735px) 100vw, 735px\" \/><\/p>\n<p>Podstawowymi celami realizacji zaj\u0119\u0107 w ramach Laboratorium Mechaniki P\u0142yn\u00f3w s\u0105:<\/p>\n<ul>\n<li>badania z wykorzystaniem tunelu aerodynamicznego,<\/li>\n<li>badanie powierzchni cieczy wiruj\u0105cych,<\/li>\n<li>badanie zjawisk falowych w falownicy wodnej,<\/li>\n<li>badanie si\u0142y no\u015bnej i oporu aerodynamicznego,<\/li>\n<li>badanie ci\u015bnienia w strumieniu powietrza,<\/li>\n<li>badanie akustycznego efektu Dopplera,<\/li>\n<li>obni\u017canie temperatury krzepni\u0119cia,<\/li>\n<li>badanie pr\u0119dko\u015bci d\u017awi\u0119ku w powietrzu,<\/li>\n<li>zasada dzia\u0142ania rakiety,<\/li>\n<li>pomiar lepko\u015bci za pomoc\u0105 wiskozymetru kulowego.<\/li>\n<\/ul>\n<p>&nbsp;<\/p>\n<p>Przyk\u0142adowe tematy \u0107wicze\u0144 laboratoryjnych:<\/p>\n<ul>\n<li>Tunel aerodynamiczny<\/li>\n<li>Powierzchnia cieczy wiruj\u0105cych<\/li>\n<li>Zjawiska falowe w falownicy fal wodnych<\/li>\n<li>Ci\u015bnienie w strumieniu powietrza<\/li>\n<li>Si\u0142a no\u015bna i op\u00f3r aerodynamiczny (op\u00f3r przep\u0142ywu)<\/li>\n<li>Obni\u017canie temperatury krzepni\u0119cia<\/li>\n<li>Akustyczny efekt Dopplera<\/li>\n<\/ul>\n<p>&nbsp;<\/p>\n<p><strong>Laboratorium Termodynamiki<\/strong><\/p>\n<p>Studenci w ramach zaj\u0119\u0107 laboratoryjnych wykonuj\u0105 \u0107wiczenia z zakresu:<\/p>\n<ul>\n<li>pojemno\u015bci cieplnej metali,<\/li>\n<li>elektrycznej pompki cieplnej kompresyjnej (pompka cieplna woda &#8211; woda, pompka cieplna woda &#8211; powietrze),<\/li>\n<li>zjawiska Joulea &#8211; Thomsona,<\/li>\n<li>wyznaczania wsp\u00f3\u0142czynnika ciep\u0142a dla r\u00f3\u017cnych materia\u0142\u00f3w (drewno, styropian) i wyznaczania warto\u015bci k: dla szk\u0142a, drewnianych \u015bcianek o ro\u017cnej grubo\u015bci i styropianu,<\/li>\n<li>wyznaczania lepko\u015bci cieczy (newtonowskich i nie newtonowskich) przy u\u017cyciu wiskozymetru obrotowego nastawionego na r\u00f3\u017cne pr\u0119dko\u015bci,<\/li>\n<li>pomiaru lepko\u015bci za pomoc\u0105 wiskozymetru kulkowego (cieczy newtonowskich i nie newtonowskich),<\/li>\n<li>oporu podczas przep\u0142ywu jako funkcji przekroju r\u00f3\u017cnych cia\u0142 i pr\u0119dko\u015bci przep\u0142ywu,<\/li>\n<li>wyznaczania wsp\u00f3\u0142czynnika oporu dla cia\u0142 op\u0142ywanych o wybranych kszta\u0142tach (w lotnictwie).<\/li>\n<\/ul>\n","protected":false},"excerpt":{"rendered":"<p>Podstawowymi celami realizacji zaj\u0119\u0107 w ramach Laboratorium Mechaniki P\u0142yn\u00f3w s\u0105: badania z wykorzystaniem tunelu aerodynamicznego, badanie powierzchni cieczy wiruj\u0105cych, badanie zjawisk falowych w falownicy wodnej, badanie si\u0142y no\u015bnej i oporu aerodynamicznego, badanie ci\u015bnienia w strumieniu powietrza, badanie akustycznego efektu Dopplera, obni\u017canie temperatury krzepni\u0119cia, badanie pr\u0119dko\u015bci d\u017awi\u0119ku w powietrzu, zasada dzia\u0142ania rakiety, pomiar lepko\u015bci za pomoc\u0105&#8230; <\/p>\n<div class=\"clear\"><\/div>\n<p><a href=\"https:\/\/cl.panschelm.edu.pl\/?page_id=4131\" class=\"excerpt-read-more\">Czytaj wi\u0119cej<i class=\"fa fa-angle-double-right icon-double-angle-right\"><\/i><\/a><\/p>\n","protected":false},"author":1,"featured_media":4132,"parent":0,"menu_order":0,"comment_status":"closed","ping_status":"closed","template":"","meta":{"footnotes":""},"class_list":["post-4131","page","type-page","status-publish","has-post-thumbnail","hentry"],"publishpress_future_action":{"enabled":false,"date":"1970-01-01 01:00:00","action":"","terms":[],"taxonomy":"","browser_timezone_offset":0},"_links":{"self":[{"href":"https:\/\/cl.panschelm.edu.pl\/index.php?rest_route=\/wp\/v2\/pages\/4131","targetHints":{"allow":["GET"]}}],"collection":[{"href":"https:\/\/cl.panschelm.edu.pl\/index.php?rest_route=\/wp\/v2\/pages"}],"about":[{"href":"https:\/\/cl.panschelm.edu.pl\/index.php?rest_route=\/wp\/v2\/types\/page"}],"author":[{"embeddable":true,"href":"https:\/\/cl.panschelm.edu.pl\/index.php?rest_route=\/wp\/v2\/users\/1"}],"replies":[{"embeddable":true,"href":"https:\/\/cl.panschelm.edu.pl\/index.php?rest_route=%2Fwp%2Fv2%2Fcomments&post=4131"}],"version-history":[{"count":1,"href":"https:\/\/cl.panschelm.edu.pl\/index.php?rest_route=\/wp\/v2\/pages\/4131\/revisions"}],"predecessor-version":[{"id":4133,"href":"https:\/\/cl.panschelm.edu.pl\/index.php?rest_route=\/wp\/v2\/pages\/4131\/revisions\/4133"}],"wp:featuredmedia":[{"embeddable":true,"href":"https:\/\/cl.panschelm.edu.pl\/index.php?rest_route=\/wp\/v2\/media\/4132"}],"wp:attachment":[{"href":"https:\/\/cl.panschelm.edu.pl\/index.php?rest_route=%2Fwp%2Fv2%2Fmedia&parent=4131"}],"curies":[{"name":"wp","href":"https:\/\/api.w.org\/{rel}","templated":true}]}}