{"id":4135,"date":"2019-09-09T09:54:29","date_gmt":"2019-09-09T07:54:29","guid":{"rendered":"http:\/\/csi.pwszchelm.edu.pl\/?page_id=4135"},"modified":"2019-09-09T09:54:29","modified_gmt":"2019-09-09T07:54:29","slug":"warsztaty-lotnicze","status":"publish","type":"page","link":"https:\/\/cl.panschelm.edu.pl\/?page_id=4135","title":{"rendered":"Warsztaty lotnicze"},"content":{"rendered":"<p><img loading=\"lazy\" decoding=\"async\" class=\"aligncenter wp-image-4136 size-full\" src=\"http:\/\/csi.panschelm.edu.pl\/wp-content\/uploads\/2019\/09\/warsztaty26.3.jpg\" alt=\"\" width=\"2816\" height=\"2112\" srcset=\"https:\/\/cl.panschelm.edu.pl\/wp-content\/uploads\/2019\/09\/warsztaty26.3.jpg 2816w, https:\/\/cl.panschelm.edu.pl\/wp-content\/uploads\/2019\/09\/warsztaty26.3-300x225.jpg 300w, https:\/\/cl.panschelm.edu.pl\/wp-content\/uploads\/2019\/09\/warsztaty26.3-768x576.jpg 768w, https:\/\/cl.panschelm.edu.pl\/wp-content\/uploads\/2019\/09\/warsztaty26.3-1024x768.jpg 1024w, https:\/\/cl.panschelm.edu.pl\/wp-content\/uploads\/2019\/09\/warsztaty26.3-400x300.jpg 400w\" sizes=\"auto, (max-width: 2816px) 100vw, 2816px\" \/><\/p>\n<p>Podstawowymi zaj\u0119ciami realizowanymi w ramach warsztat\u00f3w lotniczych s\u0105:<\/p>\n<ul>\n<li>nitowanie konstrukcji lotniczych,<\/li>\n<li>badanie \u0142o\u017cysk tocznych,<\/li>\n<li>badanie przek\u0142adni \u0142a\u0144cuchowych, pasowych i z\u0119batych,<\/li>\n<li>badanie po\u0142\u0105cze\u0144 elektrycznych,<\/li>\n<li>badanie, testowanie, oraz zaciskanie przewod\u00f3w hydraulicznych i pneumatycznych,<\/li>\n<li>kielichowanie przewod\u00f3w hydraulicznych i pneumatycznych,<\/li>\n<li>badanie urz\u0105dze\u0144 d\u017awigowych,<\/li>\n<li>obr\u00f3bka blach cienkich,<\/li>\n<li>gi\u0119cie przewod\u00f3w metalowych.<\/li>\n<\/ul>\n<p>Przyk\u0142adowe tematy \u0107wicze\u0144 laboratoryjnych:<\/p>\n<ul>\n<li>Nitowanie<\/li>\n<li>Wiercenie<\/li>\n<li>Klejenie<\/li>\n<li>Badanie awioniki lotniczej<\/li>\n<li>Badania nieniszcz\u0105ce konstrukcji lotniczych<\/li>\n<li>Narz\u0119dzia r\u0119czne do obs\u0142ugi statk\u00f3w powietrznych<\/li>\n<li>Badanie przewod\u00f3w hydraulicznych<\/li>\n<\/ul>\n","protected":false},"excerpt":{"rendered":"<p>Podstawowymi zaj\u0119ciami realizowanymi w ramach warsztat\u00f3w lotniczych s\u0105: nitowanie konstrukcji lotniczych, badanie \u0142o\u017cysk tocznych, badanie przek\u0142adni \u0142a\u0144cuchowych, pasowych i z\u0119batych, badanie po\u0142\u0105cze\u0144 elektrycznych, badanie, testowanie, oraz zaciskanie przewod\u00f3w hydraulicznych i pneumatycznych, kielichowanie przewod\u00f3w hydraulicznych i pneumatycznych, badanie urz\u0105dze\u0144 d\u017awigowych, obr\u00f3bka blach cienkich, gi\u0119cie przewod\u00f3w metalowych. Przyk\u0142adowe tematy \u0107wicze\u0144 laboratoryjnych: Nitowanie Wiercenie Klejenie Badanie awioniki lotniczej&#8230; <\/p>\n<div class=\"clear\"><\/div>\n<p><a href=\"https:\/\/cl.panschelm.edu.pl\/?page_id=4135\" class=\"excerpt-read-more\">Czytaj wi\u0119cej<i class=\"fa fa-angle-double-right icon-double-angle-right\"><\/i><\/a><\/p>\n","protected":false},"author":1,"featured_media":4136,"parent":0,"menu_order":0,"comment_status":"closed","ping_status":"closed","template":"","meta":{"footnotes":""},"class_list":["post-4135","page","type-page","status-publish","has-post-thumbnail","hentry"],"publishpress_future_action":{"enabled":false,"date":"1970-01-01 01:00:00","action":"","terms":[],"taxonomy":"","browser_timezone_offset":0},"_links":{"self":[{"href":"https:\/\/cl.panschelm.edu.pl\/index.php?rest_route=\/wp\/v2\/pages\/4135","targetHints":{"allow":["GET"]}}],"collection":[{"href":"https:\/\/cl.panschelm.edu.pl\/index.php?rest_route=\/wp\/v2\/pages"}],"about":[{"href":"https:\/\/cl.panschelm.edu.pl\/index.php?rest_route=\/wp\/v2\/types\/page"}],"author":[{"embeddable":true,"href":"https:\/\/cl.panschelm.edu.pl\/index.php?rest_route=\/wp\/v2\/users\/1"}],"replies":[{"embeddable":true,"href":"https:\/\/cl.panschelm.edu.pl\/index.php?rest_route=%2Fwp%2Fv2%2Fcomments&post=4135"}],"version-history":[{"count":1,"href":"https:\/\/cl.panschelm.edu.pl\/index.php?rest_route=\/wp\/v2\/pages\/4135\/revisions"}],"predecessor-version":[{"id":4137,"href":"https:\/\/cl.panschelm.edu.pl\/index.php?rest_route=\/wp\/v2\/pages\/4135\/revisions\/4137"}],"wp:featuredmedia":[{"embeddable":true,"href":"https:\/\/cl.panschelm.edu.pl\/index.php?rest_route=\/wp\/v2\/media\/4136"}],"wp:attachment":[{"href":"https:\/\/cl.panschelm.edu.pl\/index.php?rest_route=%2Fwp%2Fv2%2Fmedia&parent=4135"}],"curies":[{"name":"wp","href":"https:\/\/api.w.org\/{rel}","templated":true}]}}