{"id":4333,"date":"2019-09-13T09:53:47","date_gmt":"2019-09-13T07:53:47","guid":{"rendered":"http:\/\/csi.pwszchelm.edu.pl\/?page_id=4333"},"modified":"2022-05-16T12:11:46","modified_gmt":"2022-05-16T10:11:46","slug":"badania","status":"publish","type":"page","link":"https:\/\/cl.panschelm.edu.pl\/?page_id=4333","title":{"rendered":"O\u015brodek Kszta\u0142cenia Lotniczego"},"content":{"rendered":"<div>\n<p>O\u015brodek Kszta\u0142cenia Lotniczego Pa\u0144stwowej Akademii Nauk Stosowanych w Che\u0142mie posiada certyfikat Urz\u0119du Lotnictwa Cywilnego (Nr <a href=\"\/wp-content\/uploads\/2021\/02\/PL-ATO-97.pdf\">PL\/ATO-97<\/a>), oferuje szkolenia w zakresie:<\/p>\n<ul>\n<li>szkolenia teoretycznego i praktycznego do licencji pilota samolotowego turystycznego \u2013 PPL(A),<\/li>\n<li>szkolenia teoretycznego i praktycznego do licencji pilota \u015bmig\u0142owcowego turystycznego \u2013 PPL(H),<\/li>\n<li>szkolenia teoretycznego i praktycznego do uprawnienia do lot\u00f3w VFR w nocy \u2013 VFR Night.<\/li>\n<li>szkolenia praktycznego do licencji pilota samolotowego zawodowego \u2013 CPL(A),<\/li>\n<li>szkolenia zintegrowanego do licencji pilota zawodowego smig\u0142owcowego \u2013 CPL(H),<\/li>\n<li>szkolenia teoretycznego do licencji pilota samolotowego linowego \u2013 ATPL(A),<\/li>\n<li>szkolenia praktycznego do uzyskania uprawnienia \u2013 IR(A),<\/li>\n<li>szkolenia teoretycznego i praktycznego do uzyskania uprawnienia na samoloty wielosilnikowe \u2013 MEP(L)<\/li>\n<li>szkolenia teoretycznego i praktycznego do uzyskania uprawnienia instruktora Samolotowego \u2013 FI(A)<\/li>\n<li>szkolenia teoretycznego i praktycznego do uzyskania uprawnienia instruktora na klas\u0119 samolot\u00f3w wielosilnikowych &#8211; CRI\/ME<\/li>\n<\/ul>\n<p><!--\n\n\n<p style=\"text-align: center;\"><strong>Harmonogram szkole\u0144 i egzamin\u00f3w<\/strong><\/p>\n\n\n\n\n\n<table border=\"1\" cellspacing=\"0\" cellpadding=\"0\">\n\n\n<tbody>\n\n\n<tr>\n\n\n<td width=\"36\"><\/td>\n\n\n\n\n<td width=\"271\">\n\n\n<p align=\"center\"><strong>Nazwa<\/strong><\/p>\n\n\n<\/td>\n\n\n\n\n<td width=\"154\">\n\n\n<p align=\"center\"><strong>Cena<\/strong><\/p>\n\n\n<\/td>\n\n\n\n\n<td width=\"154\">\n\n\n<p align=\"center\"><strong>Termin<\/strong><\/p>\n\n\n<\/td>\n\n\n<\/tr>\n\n\n\n\n<tr>\n\n\n<td width=\"36\">\n\n\n<p align=\"center\">1<\/p>\n\n\n<\/td>\n\n\n\n\n<td width=\"271\"><em>Szkolenie BVLOS<\/em>\u00a0<em>(Beyond Visual Line of Sight)<\/em><\/td>\n\n\n\n\n<td width=\"154\">5.999,00<\/td>\n\n\n\n\n<td width=\"154\">Sierpie\u0144 2017<\/td>\n\n\n<\/tr>\n\n\n\n\n<tr>\n\n\n<td width=\"36\">\n\n\n<p align=\"center\">2<\/p>\n\n\n<\/td>\n\n\n\n\n<td width=\"271\"><em>Szkolenie VLOS (Visual Line of Sight)<\/em><\/td>\n\n\n\n\n<td width=\"154\">1.799,00<\/td>\n\n\n\n\n<td width=\"154\">02-06.10.2017<\/td>\n\n\n<\/tr>\n\n\n\n\n<tr>\n\n\n<td width=\"36\">\n\n\n<p align=\"center\">3<\/p>\n\n\n<\/td>\n\n\n\n\n<td width=\"271\">Seminarium doskonal\u0105ce dla FI(A)<\/td>\n\n\n\n\n<td width=\"154\">400,00<\/td>\n\n\n\n\n<td width=\"154\">18-19.11.2017<\/td>\n\n\n<\/tr>\n\n\n\n\n<tr>\n\n\n<td width=\"36\">\n\n\n<p align=\"center\">4<\/p>\n\n\n<\/td>\n\n\n\n\n<td width=\"271\">Egzamin KSEJ<\/td>\n\n\n\n\n<td width=\"154\"><\/td>\n\n\n\n\n<td width=\"154\">13-15.12.2017<\/td>\n\n\n<\/tr>\n\n\n\n\n<tr>\n\n\n<td width=\"36\">\n\n\n<p align=\"center\">5<\/p>\n\n\n<\/td>\n\n\n\n\n<td width=\"271\">Kurs doszkalaj\u0105cy do egzaminu KSEJ<\/td>\n\n\n\n\n<td width=\"154\"><\/td>\n\n\n\n\n<td width=\"154\"><\/td>\n\n\n<\/tr>\n\n\n<\/tbody>\n\n\n<\/table>\n\n\n--><\/p>\n<\/div>\n<p>&nbsp;<\/p>\n<div><strong>Kontakt<\/strong><\/div>\n<div>OKL PANS w Che\u0142mie<\/div>\n<div>Depu\u0142tycze Kr\u00f3lewskie 55<\/div>\n<div>22-100 Che\u0142m<\/div>\n<div>tel\/ fax 082 564 00 28<\/div>\n<div>e mail:\u00a0<em><a href=\"mailto:okl@panschelm.edu.pl\">okl@panschelm.edu.pl<\/a><\/em><\/div>\n<div>kom. 665-551-154<\/div>\n<div><\/div>\n","protected":false},"excerpt":{"rendered":"<p>O\u015brodek Kszta\u0142cenia Lotniczego Pa\u0144stwowej Akademii Nauk Stosowanych w Che\u0142mie posiada certyfikat Urz\u0119du Lotnictwa Cywilnego (Nr PL\/ATO-97), oferuje szkolenia w zakresie: szkolenia teoretycznego i praktycznego do licencji pilota samolotowego turystycznego \u2013 PPL(A), szkolenia teoretycznego i praktycznego do licencji pilota \u015bmig\u0142owcowego turystycznego \u2013 PPL(H), szkolenia teoretycznego i praktycznego do uprawnienia do lot\u00f3w VFR w nocy \u2013 VFR&#8230; <\/p>\n<div class=\"clear\"><\/div>\n<p><a href=\"https:\/\/cl.panschelm.edu.pl\/?page_id=4333\" class=\"excerpt-read-more\">Czytaj wi\u0119cej<i class=\"fa fa-angle-double-right icon-double-angle-right\"><\/i><\/a><\/p>\n","protected":false},"author":1,"featured_media":0,"parent":0,"menu_order":0,"comment_status":"closed","ping_status":"closed","template":"","meta":{"footnotes":""},"class_list":["post-4333","page","type-page","status-publish","hentry"],"publishpress_future_action":{"enabled":false,"date":"1970-01-01 01:00:00","action":"","terms":[],"taxonomy":"","browser_timezone_offset":0},"_links":{"self":[{"href":"https:\/\/cl.panschelm.edu.pl\/index.php?rest_route=\/wp\/v2\/pages\/4333","targetHints":{"allow":["GET"]}}],"collection":[{"href":"https:\/\/cl.panschelm.edu.pl\/index.php?rest_route=\/wp\/v2\/pages"}],"about":[{"href":"https:\/\/cl.panschelm.edu.pl\/index.php?rest_route=\/wp\/v2\/types\/page"}],"author":[{"embeddable":true,"href":"https:\/\/cl.panschelm.edu.pl\/index.php?rest_route=\/wp\/v2\/users\/1"}],"replies":[{"embeddable":true,"href":"https:\/\/cl.panschelm.edu.pl\/index.php?rest_route=%2Fwp%2Fv2%2Fcomments&post=4333"}],"version-history":[{"count":10,"href":"https:\/\/cl.panschelm.edu.pl\/index.php?rest_route=\/wp\/v2\/pages\/4333\/revisions"}],"predecessor-version":[{"id":5693,"href":"https:\/\/cl.panschelm.edu.pl\/index.php?rest_route=\/wp\/v2\/pages\/4333\/revisions\/5693"}],"wp:attachment":[{"href":"https:\/\/cl.panschelm.edu.pl\/index.php?rest_route=%2Fwp%2Fv2%2Fmedia&parent=4333"}],"curies":[{"name":"wp","href":"https:\/\/api.w.org\/{rel}","templated":true}]}}