{"id":4718,"date":"2020-06-01T12:30:02","date_gmt":"2020-06-01T10:30:02","guid":{"rendered":"http:\/\/cl2.pwszchelm.pl\/?page_id=4718"},"modified":"2022-05-16T12:16:30","modified_gmt":"2022-05-16T10:16:30","slug":"organizacja-obslugowa","status":"publish","type":"page","link":"https:\/\/cl.panschelm.edu.pl\/?page_id=4718","title":{"rendered":"Organizacja Obs\u0142ugowa"},"content":{"rendered":"<p>&nbsp;<\/p>\n<p class=\"post\">Organizacja Obs\u0142ugowa PANS w Che\u0142mie Certyfikat nr\u00a0<strong>PL.145.081<\/strong><\/p>\n<p><span class=\"normal\">Od 27.01.2012 Organizacja Obs\u0142ugowa PL.145.081 obs\u0142uguje w\u0142asn\u0105 flot\u0119 statk\u00f3w powietrznych. W zwi\u0105zku z dynamicznym rozwojem i rozbudow\u0105 stacji obs\u0142ugowej organizacja \u015bwiadczy swoje us\u0142ugi tak\u017ce na zewn\u0105trz, dla prywatnych u\u017cytkownik\u00f3w statk\u00f3w powietrznych oraz o\u015brodk\u00f3w nieposiadaj\u0105cych w\u0142asnej obs\u0142ugi. Realizujemy obs\u0142ug\u0119 hangarow\u0105 oraz liniow\u0105.<\/span><\/p>\n<p><span class=\"normal\">Dzi\u0119ki \u015bcis\u0142ej wsp\u00f3\u0142pracy organizacji obs\u0142ugowej z\u00a0CAMO\u00a0mo\u017cemy zagwarantowa\u0107 wykonanie wszystkich bie\u017c\u0105cych obs\u0142ug w planowanym terminie.<\/span><\/p>\n<p><span class=\"normal\">Organizacja obs\u0142ugowa dzia\u0142a w oparciu o przepisy europejskie Part 145, jest nowoczesn\u0105 zorganizowan\u0105 i specjalistycznie wyposa\u017con\u0105 jednostk\u0105 \u015bwiadcz\u0105c\u0105 us\u0142ugi w zakresie obs\u0142ugi liniowej i hangarowej statk\u00f3w powietrznych typu Cessna 150,152 oraz 172. Kadra obs\u0142ugowa sk\u0142ada si\u0119 z licencjonowanych mechanik\u00f3w lotniczych, kt\u00f3rzy dzi\u0119ki intensywnej praktyce, cyklicznym podnoszeniu swoich kwalifikacji oraz analizowaniu dokumentacji utrzymuj\u0105 wysoki poziom umiej\u0119tno\u015bci i wiedzy oraz stale zwi\u0119kszaj\u0105 swoje do\u015bwiadczenie.<\/span><\/p>\n<p>&nbsp;<\/p>\n<div><strong>Biuro Organizacji Obs\u0142ugowej:<\/strong><\/div>\n<div>CSI PANS w Che\u0142mie<\/div>\n<div>Depu\u0142tycze Kr\u00f3lewskie 55 \/ 22-100 Che\u0142m<\/div>\n<div>camo@panschelm.edu.pl<\/div>\n<div><strong>Baza obs\u0142ug:<\/strong><\/div>\n<div>\n<div>CSI PANS w Che\u0142mie<\/div>\n<div>Depu\u0142tycze Kr\u00f3lewskie 55 \/ 22-100 Che\u0142m<\/div>\n<div>camo@panschelm.edu.pl<\/div>\n<\/div>\n","protected":false},"excerpt":{"rendered":"<p>&nbsp; Organizacja Obs\u0142ugowa PANS w Che\u0142mie Certyfikat nr\u00a0PL.145.081 Od 27.01.2012 Organizacja Obs\u0142ugowa PL.145.081 obs\u0142uguje w\u0142asn\u0105 flot\u0119 statk\u00f3w powietrznych. W zwi\u0105zku z dynamicznym rozwojem i rozbudow\u0105 stacji obs\u0142ugowej organizacja \u015bwiadczy swoje us\u0142ugi tak\u017ce na zewn\u0105trz, dla prywatnych u\u017cytkownik\u00f3w statk\u00f3w powietrznych oraz o\u015brodk\u00f3w nieposiadaj\u0105cych w\u0142asnej obs\u0142ugi. Realizujemy obs\u0142ug\u0119 hangarow\u0105 oraz liniow\u0105. Dzi\u0119ki \u015bcis\u0142ej wsp\u00f3\u0142pracy organizacji obs\u0142ugowej z\u00a0CAMO\u00a0mo\u017cemy&#8230; <\/p>\n<div class=\"clear\"><\/div>\n<p><a href=\"https:\/\/cl.panschelm.edu.pl\/?page_id=4718\" class=\"excerpt-read-more\">Czytaj wi\u0119cej<i class=\"fa fa-angle-double-right icon-double-angle-right\"><\/i><\/a><\/p>\n","protected":false},"author":1,"featured_media":0,"parent":0,"menu_order":0,"comment_status":"closed","ping_status":"closed","template":"","meta":{"footnotes":""},"class_list":["post-4718","page","type-page","status-publish","hentry"],"publishpress_future_action":{"enabled":false,"date":"1970-01-01 01:00:00","action":"","terms":[],"taxonomy":"","browser_timezone_offset":0},"_links":{"self":[{"href":"https:\/\/cl.panschelm.edu.pl\/index.php?rest_route=\/wp\/v2\/pages\/4718","targetHints":{"allow":["GET"]}}],"collection":[{"href":"https:\/\/cl.panschelm.edu.pl\/index.php?rest_route=\/wp\/v2\/pages"}],"about":[{"href":"https:\/\/cl.panschelm.edu.pl\/index.php?rest_route=\/wp\/v2\/types\/page"}],"author":[{"embeddable":true,"href":"https:\/\/cl.panschelm.edu.pl\/index.php?rest_route=\/wp\/v2\/users\/1"}],"replies":[{"embeddable":true,"href":"https:\/\/cl.panschelm.edu.pl\/index.php?rest_route=%2Fwp%2Fv2%2Fcomments&post=4718"}],"version-history":[{"count":3,"href":"https:\/\/cl.panschelm.edu.pl\/index.php?rest_route=\/wp\/v2\/pages\/4718\/revisions"}],"predecessor-version":[{"id":5696,"href":"https:\/\/cl.panschelm.edu.pl\/index.php?rest_route=\/wp\/v2\/pages\/4718\/revisions\/5696"}],"wp:attachment":[{"href":"https:\/\/cl.panschelm.edu.pl\/index.php?rest_route=%2Fwp%2Fv2%2Fmedia&parent=4718"}],"curies":[{"name":"wp","href":"https:\/\/api.w.org\/{rel}","templated":true}]}}