{"id":4724,"date":"2020-06-01T14:08:17","date_gmt":"2020-06-01T12:08:17","guid":{"rendered":"http:\/\/cl2.pwszchelm.pl\/?page_id=4724"},"modified":"2022-05-16T12:19:42","modified_gmt":"2022-05-16T10:19:42","slug":"osrodek-ksej","status":"publish","type":"page","link":"https:\/\/cl.panschelm.edu.pl\/?page_id=4724","title":{"rendered":"O\u015brodek KSEJ"},"content":{"rendered":"<div class=\"text-article\">\n<p>W strukturach Centrum Lotniczego Pa\u0144stwowej Akademii Nauk Stosowanych w Che\u0142mie, w dniu 16 maja 2017 r.\u00a0 rozpocz\u0105\u0142 dzia\u0142alno\u015b\u0107 o\u015brodek egzaminacyjny z j\u0119zyka angielskiego dla pilot\u00f3w i kandydat\u00f3w na pilot\u00f3w, dzia\u0142aj\u0105cy w oparciu o Komputerowy System Egzamin\u00f3w J\u0119zykowych (KSEJ). Dzia\u0142ania te \u00a0s\u0105 nast\u0119pstwem wsp\u00f3\u0142pracy jak\u0105 Uczelnia od wielu lat prowadzi z Urz\u0119dem Lotnictwa Cywilnego.<\/p>\n<p>Egzaminy prowadzone b\u0119d\u0105 przez egzaminator\u00f3w ULC (b\u0119d\u0105cych jednocze\u015bnie pracownikami PWSZ w Che\u0142mie), w\u00a0specjalnie do tego celu przygotowanych pomieszczeniach w\u00a0 siedzibie Centrum Studi\u00f3w In\u017cynierskich PWSZ w\u00a0Che\u0142mie w Depu\u0142tyczach Kr\u00f3lewskich.<\/p>\n<p>Zg\u0142oszenia na egzaminy prosimy przesy\u0142a\u0107 mailowo na adres: <span id=\"cloakdcadaaa149ea5ffd5d09789e562fbbdc\"><a href=\"mailto:centrumlotnicze@panschelm.edu.pl\">centrumlotnicze@panschelm.edu.pl<\/a><\/span> lub telefonicznie pod numerem telefonu 82\u00a0564 00 28. Kandydat przy zg\u0142oszeniu proszony jest o podanie: Imienia i Nazwiska, Numeru licencji lub PESEL, Numeru telefonu kontaktowego (w przypadku zg\u0142osze\u0144 mailowych).<\/p>\n<p>Zg\u0142oszenia mo\u017cna dokona\u0107 te\u017c poprzez <strong><a href=\"?page_id=4795\">formularz on-line<\/a><\/strong>.<\/p>\n<p>Dodatkowo przed przyst\u0105pieniem do egzaminu KSEJ mo\u017cna skorzysta\u0107 z oferty kurs\u00f3w doszkalaj\u0105cych obejmuj\u0105cych program standardowy b\u0105d\u017a intensywny.<\/p>\n<p>Poni\u017cej podajemy link z opisem egzaminu jak r\u00f3wnie\u017c formalno\u015bci, kt\u00f3rych trzeba dope\u0142ni\u0107 przed przyst\u0105pieniem do egzaminu.<\/p>\n<p><a href=\"http:\/\/www.ulc.gov.pl\/pl\/personel-lotniczy\/komisja-egzaminacyjna\/egzaminy-z-j-angielskiego\/3742-krajowy-system-egzaminow-jezykowych-ksej\">ULC<\/a><\/p>\n<p>Data Sesji Egzaminacyjnych \u2013 Grudzie\u0144<br \/>\n13-15.12.2017 (min. 4 osoby)<\/p>\n<\/div>\n","protected":false},"excerpt":{"rendered":"<p>W strukturach Centrum Lotniczego Pa\u0144stwowej Akademii Nauk Stosowanych w Che\u0142mie, w dniu 16 maja 2017 r.\u00a0 rozpocz\u0105\u0142 dzia\u0142alno\u015b\u0107 o\u015brodek egzaminacyjny z j\u0119zyka angielskiego dla pilot\u00f3w i kandydat\u00f3w na pilot\u00f3w, dzia\u0142aj\u0105cy w oparciu o Komputerowy System Egzamin\u00f3w J\u0119zykowych (KSEJ). Dzia\u0142ania te \u00a0s\u0105 nast\u0119pstwem wsp\u00f3\u0142pracy jak\u0105 Uczelnia od wielu lat prowadzi z Urz\u0119dem Lotnictwa Cywilnego. Egzaminy prowadzone&#8230; <\/p>\n<div class=\"clear\"><\/div>\n<p><a href=\"https:\/\/cl.panschelm.edu.pl\/?page_id=4724\" class=\"excerpt-read-more\">Czytaj wi\u0119cej<i class=\"fa fa-angle-double-right icon-double-angle-right\"><\/i><\/a><\/p>\n","protected":false},"author":1,"featured_media":0,"parent":0,"menu_order":0,"comment_status":"closed","ping_status":"closed","template":"","meta":{"footnotes":""},"class_list":["post-4724","page","type-page","status-publish","hentry"],"publishpress_future_action":{"enabled":false,"date":"1970-01-01 01:00:00","action":"","terms":[],"taxonomy":"","browser_timezone_offset":0},"_links":{"self":[{"href":"https:\/\/cl.panschelm.edu.pl\/index.php?rest_route=\/wp\/v2\/pages\/4724","targetHints":{"allow":["GET"]}}],"collection":[{"href":"https:\/\/cl.panschelm.edu.pl\/index.php?rest_route=\/wp\/v2\/pages"}],"about":[{"href":"https:\/\/cl.panschelm.edu.pl\/index.php?rest_route=\/wp\/v2\/types\/page"}],"author":[{"embeddable":true,"href":"https:\/\/cl.panschelm.edu.pl\/index.php?rest_route=\/wp\/v2\/users\/1"}],"replies":[{"embeddable":true,"href":"https:\/\/cl.panschelm.edu.pl\/index.php?rest_route=%2Fwp%2Fv2%2Fcomments&post=4724"}],"version-history":[{"count":5,"href":"https:\/\/cl.panschelm.edu.pl\/index.php?rest_route=\/wp\/v2\/pages\/4724\/revisions"}],"predecessor-version":[{"id":5699,"href":"https:\/\/cl.panschelm.edu.pl\/index.php?rest_route=\/wp\/v2\/pages\/4724\/revisions\/5699"}],"wp:attachment":[{"href":"https:\/\/cl.panschelm.edu.pl\/index.php?rest_route=%2Fwp%2Fv2%2Fmedia&parent=4724"}],"curies":[{"name":"wp","href":"https:\/\/api.w.org\/{rel}","templated":true}]}}