{"id":4727,"date":"2020-06-01T14:10:06","date_gmt":"2020-06-01T12:10:06","guid":{"rendered":"http:\/\/cl2.pwszchelm.pl\/?page_id=4727"},"modified":"2020-06-01T14:10:06","modified_gmt":"2020-06-01T12:10:06","slug":"bezzalogowe-statki-powietrzne","status":"publish","type":"page","link":"https:\/\/cl.panschelm.edu.pl\/?page_id=4727","title":{"rendered":"Bezza\u0142ogowe Statki Powietrzne"},"content":{"rendered":"<div class=\"text-article\">\n<div class=\"text-article\">\n<p>Decyzj\u0105 Prezesa Urz\u0119du Lotnictwa Cywilnego, Pa\u0144stwowa Wy\u017csza Szko\u0142a Zawodowa w Che\u0142mie zosta\u0142a wpisana do\u00a0 rejestru podmiot\u00f3w szkol\u0105cych, tym samym rozszerzy\u0142a ofert\u0119 kszta\u0142cenia o <strong>szkolenia dla operator\u00f3w bezza\u0142ogowych statk\u00f3w powietrznych<\/strong>. Wi\u0105\u017ce si\u0119 to z\u00a0uruchomieniem nowej specjalno\u015bci w ramach kierunku Mechanika i budowa maszyn, kt\u00f3ra od roku akademickiego 2017\/2018 ruszy pod nazw\u0105 Bezza\u0142ogowe statki powietrzne.<br \/>\nSzkolenia maj\u0105 na celu\u00a0 przygotowanie do bezpiecznego wykonywania lot\u00f3w dronami oraz do zdania egzaminu pa\u0144stwowego i uzyskania \u015bwiadectwa UAVO i s\u0105 kierowane do wszystkich os\u00f3b \u015bwiadcz\u0105cych us\u0142ugi zwi\u0105zane z np.: fotografi\u0105 i nagraniami wideo z powietrza, fotogrametri\u0105, mapowaniem terenu, pomiarami wykonywanymi z pok\u0142adu drona czy wszelkiego rodzaju monitoringu obiekt\u00f3w z powietrza. Te czynno\u015bci wymagaj\u0105 posiadania \u015bwiadectwa kwalifikacji UAVO.<br \/>\nObowi\u0105zek posiadania ww. \u015bwiadectwa wynika z zapis\u00f3w art. 95 ust. 2 pkt. 5a Ustawy z dn. 3 lipca 2002 r. \u2013 Prawo lotnicze (Dz. U. z 2012 r. poz. 933, z p\u00f3\u017an. zm.), natomiast szczeg\u00f3\u0142owe zasady uzyskiwania opisywanego dokumentu zawarto w Rozporz\u0105dzeniu Ministra Transportu, Budownictwa i Gospodarki Morskiej z dnia 3 czerwca 2013 r. w sprawie \u015bwiadectw kwalifikacji (Dz. U. poz. 664) oraz w\u00a0najnowszych Rozporz\u0105dzeniu Ministra Infrastruktury i Budownictwa z dnia 19 wrze\u015bnia 2016 r. zmieniaj\u0105ce rozporz\u0105dzenie w sprawie \u015bwiadectw kwalifikacji (Dz. U. poz. 1630), kt\u00f3re wesz\u0142o w \u017cycie 6 listopada 2016 r.<\/p>\n<h3><strong>Uwaga, planowany termin szkolenia VLOS\/BVLOS: 02-06 czerwca 2017 r., zapraszamy do przesy\u0142ania zg\u0142osze\u0144.<\/strong><\/h3>\n<p>Rodzaj i zakres prowadzonych szkole\u0144:<\/p>\n<ul>\n<li>&#8211; teoretyczne i praktyczne do \u015bwiadectwa kwalifikacji operatora statku powietrznego u\u017cywanego w celach innych ni\u017c rekreacyjne i\u00a0sportowe (UAVO)<\/li>\n<li>&#8211; <a href=\"http:\/\/cl.pwszchelm.pl\/index.php?option=com_content&amp;view=article&amp;id=148&amp;Itemid=90\">teoretyczne i praktyczne do uzyskania uprawnienia podstawowego do wykonywania lot\u00f3w jedynie w zasi\u0119gu wzroku operatora (VLOS)<\/a>.<\/li>\n<li>&#8211; <a href=\"http:\/\/cl.pwszchelm.pl\/index.php?option=com_content&amp;view=article&amp;id=147&amp;Itemid=89\">teoretyczne i praktyczne do uzyskania uprawnienia podstawowego do wykonywania lot\u00f3w poza zasi\u0119giem wzroku operatora (BVLOS)<\/a><\/li>\n<\/ul>\n<p>PWSZ w Che\u0142mie zajmuje si\u0119 wszelkimi formalno\u015bciami zwi\u0105zanymi z przyst\u0105pieniem do egzaminu, w tym pomaga w wyborze obowi\u0105zkowego ubezpieczenia OC oraz w znalezieniu o\u015brodka bada\u0144 lotniczo \u2013 lekarskich.<br \/>\nWszystkich zainteresowanych szkoleniami prosimy o kontakt z Centrum Lotniczym PWSZ w Che\u0142mie, adres e mail: centrumlotnicze(at)pwsz.chelm.pl, tel. 82 564 00 28<\/p>\n<\/div>\n<\/div>\n","protected":false},"excerpt":{"rendered":"<p>Decyzj\u0105 Prezesa Urz\u0119du Lotnictwa Cywilnego, Pa\u0144stwowa Wy\u017csza Szko\u0142a Zawodowa w Che\u0142mie zosta\u0142a wpisana do\u00a0 rejestru podmiot\u00f3w szkol\u0105cych, tym samym rozszerzy\u0142a ofert\u0119 kszta\u0142cenia o szkolenia dla operator\u00f3w bezza\u0142ogowych statk\u00f3w powietrznych. Wi\u0105\u017ce si\u0119 to z\u00a0uruchomieniem nowej specjalno\u015bci w ramach kierunku Mechanika i budowa maszyn, kt\u00f3ra od roku akademickiego 2017\/2018 ruszy pod nazw\u0105 Bezza\u0142ogowe statki powietrzne. Szkolenia maj\u0105&#8230; <\/p>\n<div class=\"clear\"><\/div>\n<p><a href=\"https:\/\/cl.panschelm.edu.pl\/?page_id=4727\" class=\"excerpt-read-more\">Czytaj wi\u0119cej<i class=\"fa fa-angle-double-right icon-double-angle-right\"><\/i><\/a><\/p>\n","protected":false},"author":1,"featured_media":0,"parent":0,"menu_order":0,"comment_status":"closed","ping_status":"closed","template":"","meta":{"footnotes":""},"class_list":["post-4727","page","type-page","status-publish","hentry"],"publishpress_future_action":{"enabled":false,"date":"1970-01-01 01:00:00","action":"","terms":[],"taxonomy":"","browser_timezone_offset":0},"_links":{"self":[{"href":"https:\/\/cl.panschelm.edu.pl\/index.php?rest_route=\/wp\/v2\/pages\/4727","targetHints":{"allow":["GET"]}}],"collection":[{"href":"https:\/\/cl.panschelm.edu.pl\/index.php?rest_route=\/wp\/v2\/pages"}],"about":[{"href":"https:\/\/cl.panschelm.edu.pl\/index.php?rest_route=\/wp\/v2\/types\/page"}],"author":[{"embeddable":true,"href":"https:\/\/cl.panschelm.edu.pl\/index.php?rest_route=\/wp\/v2\/users\/1"}],"replies":[{"embeddable":true,"href":"https:\/\/cl.panschelm.edu.pl\/index.php?rest_route=%2Fwp%2Fv2%2Fcomments&post=4727"}],"version-history":[{"count":1,"href":"https:\/\/cl.panschelm.edu.pl\/index.php?rest_route=\/wp\/v2\/pages\/4727\/revisions"}],"predecessor-version":[{"id":4728,"href":"https:\/\/cl.panschelm.edu.pl\/index.php?rest_route=\/wp\/v2\/pages\/4727\/revisions\/4728"}],"wp:attachment":[{"href":"https:\/\/cl.panschelm.edu.pl\/index.php?rest_route=%2Fwp%2Fv2%2Fmedia&parent=4727"}],"curies":[{"name":"wp","href":"https:\/\/api.w.org\/{rel}","templated":true}]}}