{"id":4751,"date":"2020-06-01T14:27:43","date_gmt":"2020-06-01T12:27:43","guid":{"rendered":"http:\/\/cl2.pwszchelm.pl\/?page_id=4751"},"modified":"2025-02-17T09:41:49","modified_gmt":"2025-02-17T08:41:49","slug":"kandydat","status":"publish","type":"page","link":"https:\/\/cl.panschelm.edu.pl\/?page_id=4751","title":{"rendered":"Pilota\u017c samolotowy\/\u015bmig\u0142owcowy"},"content":{"rendered":"<div class=\"text-article\">\n<div class=\"text-article\">\n<div class=\"text-article\">\n<h1><strong><em>Pilota\u017c samolotowy\/\u015bmig\u0142owcowy<\/em><\/strong><\/h1>\n<div class=\"text-article\">\n<p>Nab\u00f3r na specjalizacj\u0119 <strong><em>Pilota\u017c samolotowy\/\u015bmig\u0142owcowy,<\/em><\/strong> dla student\u00f3w kierunku Mechanika i budowa maszyn PANS w Che\u0142mie.<\/p>\n<p><strong><em>Kryteria, kt\u00f3re musi spe\u0142nia\u0107 kandydat:<\/em><\/strong><\/p>\n<table border=\"0\" cellspacing=\"0\" cellpadding=\"0\">\n<tbody>\n<tr>\n<td width=\"26%\"><strong>Status studenta<\/strong><\/td>\n<td width=\"73%\">zaliczenie 1, 2 semestru studi\u00f3w na kierunku Mechanika i budowa maszyn PANS w Che\u0142mie;<\/td>\n<\/tr>\n<tr>\n<td width=\"26%\"><strong>Medyczne:<\/strong><\/td>\n<td width=\"73%\">posiadanie wa\u017cnego orzeczenia lotniczo-lekarskiego klasy 1,<\/td>\n<\/tr>\n<tr>\n<td width=\"26%\"><strong>Post\u0119powanie kwalifikacyjne<a href=\"http:\/\/cl.panschelm.edu.pl\/index.php?option=com_content&amp;view=article&amp;id=175&amp;Itemid=99#_ftn1\">[*]<\/a>:<\/strong><\/td>\n<td width=\"73%\">wynik z testu z wiedzy og\u00f3lnej o lotnictwie;<\/p>\n<p>wynik z testu z j\u0119zyka angielskiego;<\/p>\n<p>wynik rozmowy przeprowadzanej w j\u0119zyku angielskim;<\/p>\n<p>\u015brednia arytmetyczna ocen z egzamin\u00f3w i zalicze\u0144;<\/p>\n<p>\u015brednia arytmetyczna ocen z wychowania fizycznego;<\/p>\n<p>rozmowa kwalifikacyjna;<\/p>\n<p>osi\u0105gni\u0119cia lotnicze*;<\/td>\n<\/tr>\n<\/tbody>\n<\/table>\n<p>Liczba miejsc jest okre\u015blana w danym roku akademickim i jest podawana do informacji wraz z list\u0105 os\u00f3b przyj\u0119tych po przeprowadzonej kwalifikacji.<\/p>\n<p>&nbsp;<\/p>\n<p>Kontakt:<\/p>\n<p>CSI PANS w Che\u0142mie &#8211; Centrum Lotnicze<br \/>\nDepu\u0142tycze Kr\u00f3lewskie 55<br \/>\n22-100 Che\u0142m<br \/>\nTel. 082 564 00 28<\/p>\n<p>&nbsp;<\/p>\n<p><a href=\"http:\/\/cl.panschelm.pl\/index.php?option=com_content&amp;view=article&amp;id=175&amp;Itemid=99#_ftnref1\">[*]<\/a> Szczeg\u00f3\u0142y dotycz\u0105ce naboru i zasad oceniania podczas kwalifikacji w <a href=\"\/wp-content\/uploads\/2023\/03\/Regulamin-Szkolenia-Personelu-Lotniczego-PWSZ-2023.pdf\"><strong>regulaminie<\/strong><\/a><\/p>\n<p>&nbsp;<\/p>\n<\/div>\n<\/div>\n<\/div>\n<\/div>\n","protected":false},"excerpt":{"rendered":"<p>Pilota\u017c samolotowy\/\u015bmig\u0142owcowy Nab\u00f3r na specjalizacj\u0119 Pilota\u017c samolotowy\/\u015bmig\u0142owcowy, dla student\u00f3w kierunku Mechanika i budowa maszyn PANS w Che\u0142mie. Kryteria, kt\u00f3re musi spe\u0142nia\u0107 kandydat: Status studenta zaliczenie 1, 2 semestru studi\u00f3w na kierunku Mechanika i budowa maszyn PANS w Che\u0142mie; Medyczne: posiadanie wa\u017cnego orzeczenia lotniczo-lekarskiego klasy 1, Post\u0119powanie kwalifikacyjne[*]: wynik z testu z wiedzy og\u00f3lnej o lotnictwie;&#8230; <\/p>\n<div class=\"clear\"><\/div>\n<p><a href=\"https:\/\/cl.panschelm.edu.pl\/?page_id=4751\" class=\"excerpt-read-more\">Czytaj wi\u0119cej<i class=\"fa fa-angle-double-right icon-double-angle-right\"><\/i><\/a><\/p>\n","protected":false},"author":1,"featured_media":0,"parent":0,"menu_order":0,"comment_status":"closed","ping_status":"closed","template":"","meta":{"footnotes":""},"class_list":["post-4751","page","type-page","status-publish","hentry"],"publishpress_future_action":{"enabled":false,"date":"1970-01-01 01:00:00","action":"","terms":[],"taxonomy":"","browser_timezone_offset":0},"_links":{"self":[{"href":"https:\/\/cl.panschelm.edu.pl\/index.php?rest_route=\/wp\/v2\/pages\/4751","targetHints":{"allow":["GET"]}}],"collection":[{"href":"https:\/\/cl.panschelm.edu.pl\/index.php?rest_route=\/wp\/v2\/pages"}],"about":[{"href":"https:\/\/cl.panschelm.edu.pl\/index.php?rest_route=\/wp\/v2\/types\/page"}],"author":[{"embeddable":true,"href":"https:\/\/cl.panschelm.edu.pl\/index.php?rest_route=\/wp\/v2\/users\/1"}],"replies":[{"embeddable":true,"href":"https:\/\/cl.panschelm.edu.pl\/index.php?rest_route=%2Fwp%2Fv2%2Fcomments&post=4751"}],"version-history":[{"count":9,"href":"https:\/\/cl.panschelm.edu.pl\/index.php?rest_route=\/wp\/v2\/pages\/4751\/revisions"}],"predecessor-version":[{"id":7954,"href":"https:\/\/cl.panschelm.edu.pl\/index.php?rest_route=\/wp\/v2\/pages\/4751\/revisions\/7954"}],"wp:attachment":[{"href":"https:\/\/cl.panschelm.edu.pl\/index.php?rest_route=%2Fwp%2Fv2%2Fmedia&parent=4751"}],"curies":[{"name":"wp","href":"https:\/\/api.w.org\/{rel}","templated":true}]}}