{"id":4768,"date":"2020-06-02T11:44:34","date_gmt":"2020-06-02T09:44:34","guid":{"rendered":"http:\/\/cl2.pwszchelm.pl\/?page_id=4768"},"modified":"2025-02-11T12:36:51","modified_gmt":"2025-02-11T11:36:51","slug":"dokumenty-do-pobrania","status":"publish","type":"page","link":"https:\/\/cl.panschelm.edu.pl\/?page_id=4768","title":{"rendered":"Dokumenty do pobrania"},"content":{"rendered":"<ul>\n<li><a href=\"https:\/\/cl.panschelm.edu.pl\/wp-content\/uploads\/2023\/07\/Zarzadzenie-nr-8_2023-w-sprawie-zmiany-Regul.person.lotn_..pdf\">Zarz\u0105dzenie nr 8 \/2023 Rektora Pa\u0144stwowej Akademii Nauk Stosowanych w Che\u0142mie z dnia 15 lutego 2023 r. w sprawie zmiany Zarz\u0105dzenia nr 109\/2022 w sprawie Regulaminu Szkolenia Personelu Lotniczego Pa\u0144stwowej Akademii Nauk Stosowanych w Che\u0142mie<br \/>\n<\/a><\/li>\n<li><a href=\"\/wp-content\/uploads\/2025\/02\/Zarzadzenie-10_25-z-dn.-06.02.2025_egzamin-sprawnosciowy_.pdf\">Zarz\u0105dzenie nr 10 \/2025 Rektora Pa\u0144stwowej Akademii Nauk Stosowanych w Che\u0142mie z dnia 06 lutego 2025 r. w sprawie zmiany Zarz\u0105dzenia nr 109\/2022 w sprawie Regulaminu Szkolenia Personelu Lotniczego Pa\u0144stwowej Akademii Nauk Stosowanych w Che\u0142mie<\/a><\/li>\n<li><a href=\"https:\/\/cl.panschelm.edu.pl\/wp-content\/uploads\/2023\/01\/2022_Regulamin-Szkolenia-Personelu-18122022.pdf\"><strong>Regulamin szkolenia personelu lotniczego Pa\u0144stwowej Akademii Nauk Stosowanych w Che\u0142mie<\/strong><\/a><br \/>\n<!--\n\n\n<div>\n\n\n<div>\n\n\n<div>\n\n<a href=\"\/wp-content\/uploads\/2020\/08\/Regulamin-szkolenia-personelu-lotniczego.pdf\">1. Regulamin szkolenia personelu lotniczego\u00a0<\/a>\n\n<a href=\"\/wp-content\/uploads\/2020\/06\/zarzadzenie.pdf\">2.\u00a0Zarz\u0105dzenie REKTORA\u00a0nr 41\/2013<\/a>\n\n<a href=\"\/wp-content\/uploads\/2020\/09\/regulamin-Mechanika-Lotnicza.pdf\">3. Regulamin szkolenia personelu technicznego<\/a>\n\n&nbsp;\n\n<\/div>\n\n\n<\/div>\n\n\n<\/div>\n\n\n--><\/li>\n<\/ul>\n","protected":false},"excerpt":{"rendered":"<p>Zarz\u0105dzenie nr 8 \/2023 Rektora Pa\u0144stwowej Akademii Nauk Stosowanych w Che\u0142mie z dnia 15 lutego 2023 r. w sprawie zmiany Zarz\u0105dzenia nr 109\/2022 w sprawie Regulaminu Szkolenia Personelu Lotniczego Pa\u0144stwowej Akademii Nauk Stosowanych w Che\u0142mie Zarz\u0105dzenie nr 10 \/2025 Rektora Pa\u0144stwowej Akademii Nauk Stosowanych w Che\u0142mie z dnia 06 lutego 2025 r. w sprawie zmiany&#8230; <\/p>\n<div class=\"clear\"><\/div>\n<p><a href=\"https:\/\/cl.panschelm.edu.pl\/?page_id=4768\" class=\"excerpt-read-more\">Czytaj wi\u0119cej<i class=\"fa fa-angle-double-right icon-double-angle-right\"><\/i><\/a><\/p>\n","protected":false},"author":1,"featured_media":0,"parent":0,"menu_order":0,"comment_status":"closed","ping_status":"closed","template":"","meta":{"footnotes":""},"class_list":["post-4768","page","type-page","status-publish","hentry"],"publishpress_future_action":{"enabled":false,"date":"1970-01-01 01:00:00","action":"","terms":[],"taxonomy":"","browser_timezone_offset":0},"_links":{"self":[{"href":"https:\/\/cl.panschelm.edu.pl\/index.php?rest_route=\/wp\/v2\/pages\/4768","targetHints":{"allow":["GET"]}}],"collection":[{"href":"https:\/\/cl.panschelm.edu.pl\/index.php?rest_route=\/wp\/v2\/pages"}],"about":[{"href":"https:\/\/cl.panschelm.edu.pl\/index.php?rest_route=\/wp\/v2\/types\/page"}],"author":[{"embeddable":true,"href":"https:\/\/cl.panschelm.edu.pl\/index.php?rest_route=\/wp\/v2\/users\/1"}],"replies":[{"embeddable":true,"href":"https:\/\/cl.panschelm.edu.pl\/index.php?rest_route=%2Fwp%2Fv2%2Fcomments&post=4768"}],"version-history":[{"count":10,"href":"https:\/\/cl.panschelm.edu.pl\/index.php?rest_route=\/wp\/v2\/pages\/4768\/revisions"}],"predecessor-version":[{"id":7928,"href":"https:\/\/cl.panschelm.edu.pl\/index.php?rest_route=\/wp\/v2\/pages\/4768\/revisions\/7928"}],"wp:attachment":[{"href":"https:\/\/cl.panschelm.edu.pl\/index.php?rest_route=%2Fwp%2Fv2%2Fmedia&parent=4768"}],"curies":[{"name":"wp","href":"https:\/\/api.w.org\/{rel}","templated":true}]}}