{"id":4775,"date":"2020-06-02T11:47:09","date_gmt":"2020-06-02T09:47:09","guid":{"rendered":"http:\/\/cl2.pwszchelm.pl\/?page_id=4775"},"modified":"2022-05-16T12:24:16","modified_gmt":"2022-05-16T10:24:16","slug":"kursy-przygotowujace-do-egzaminow-wg-standardow-icao","status":"publish","type":"page","link":"https:\/\/cl.panschelm.edu.pl\/?page_id=4775","title":{"rendered":"Kursy j\u0119zyka angielskiego przygotowuj\u0105ce do egzaminu ICAO KSEJ"},"content":{"rendered":"<h1 class=\"contentheading\"><span style=\"font-size: 16px;\">Pa\u0144stwowa Akademia Nauk Stosowanych w Che\u0142mie organizuje kursy przygotowuj\u0105ce do lotniczych egzamin\u00f3w j\u0119zykowych wg standard\u00f3w ICAO.<\/span><\/h1>\n<div class=\"text-article\">\n<p>Wieloletnie do\u015bwiadczenie oraz wysoki poziom kszta\u0142cenia przek\u0142adaj\u0105 si\u0119 na ponad 95 procentowy wynik zdawalno\u015bci os\u00f3b przygotowanych przez naszych lektor\u00f3w.<\/p>\n<p>Poni\u017csza oferta skierowana jest do pilot\u00f3w, kandydat\u00f3w na pilot\u00f3w oraz kontroler\u00f3w lotniczych, jej zalet\u0105 jest dostosowanie liczby godzin oraz poziomu wiedzy do indywidualnych potrzeb uczestnika kursu.<\/p>\n<ul>\n<li>&#8211; Przed rozpocz\u0119ciem kursu okre\u015blimy Tw\u00f3j poziom znajomo\u015bci j\u0119zyka, nast\u0119pnie dostosujemy program nauczania do Twoich potrzeb (<em>rozmowa lektora z kandydatem<\/em>);<\/li>\n<li>&#8211; Zaj\u0119cia odbywaj\u0105 si\u0119 w mi\u0142ej atmosferze w nowoczesnych salach wyk\u0142adowych CSI, w systemie weekendowym.<\/li>\n<li>&#8211; Po kursie umo\u017cliwimy Ci podej\u015bcie do egzaminu\u00a0<a href=\"http:\/\/www.ulc.gov.pl\/pl\/personel-lotniczy\/komisja-egzaminacyjna\/egzaminy-z-j-angielskiego\/3742-krajowy-system-egzaminow-jezykowych-ksej\"><strong>KSEJ<\/strong><\/a>\u00a0w siedzibie Centrum Lotniczego w Depu\u0142tyczach Kr\u00f3lewskich.<\/li>\n<\/ul>\n<div>\n<p><strong>Cennik:<\/strong><\/p>\n<p>Kurs w grupach od 2 do 5 os\u00f3b:<\/p>\n<ul>\n<li>Kurs 10 godzinny \u2013 1.500,00 z\u0142<\/li>\n<li>Kurs 20 godzinny \u2013 3.000,00 z\u0142<\/li>\n<li>Kurs 30 godzinny \u2013 4.500,00 z\u0142<\/li>\n<\/ul>\n<p>Kurs w grupach od 6 do 10 os\u00f3b:<\/p>\n<ul>\n<li>Kurs 10 godzinny \u2013 1.000,00 z\u0142<\/li>\n<li>Kurs 20 godzinny \u2013 2.000,00 z\u0142<\/li>\n<li>Kurs 30 godzinny \u2013 3.000,00 z\u0142<\/li>\n<\/ul>\n<p>&nbsp;<\/p>\n<\/div>\n<\/div>\n<p><strong>Wype\u0142nij poni\u017cszy formularz je\u015bli chcesz uzyska\u0107 kontakt<\/strong><\/p>\n<div><div role=\"form\" class=\"wpcf7\" id=\"wpcf7-f4777-o1\" lang=\"pl-PL\" dir=\"ltr\">\n<div class=\"screen-reader-response\"><\/div>\n<form action=\"\/index.php?rest_route=%2Fwp%2Fv2%2Fpages%2F4775#wpcf7-f4777-o1\" method=\"post\" class=\"wpcf7-form\" novalidate=\"novalidate\">\n<div style=\"display: none;\">\n<input type=\"hidden\" name=\"_wpcf7\" value=\"4777\" \/>\n<input type=\"hidden\" name=\"_wpcf7_version\" value=\"5.1.4\" \/>\n<input type=\"hidden\" name=\"_wpcf7_locale\" value=\"pl_PL\" \/>\n<input type=\"hidden\" name=\"_wpcf7_unit_tag\" value=\"wpcf7-f4777-o1\" \/>\n<input type=\"hidden\" name=\"_wpcf7_container_post\" value=\"0\" \/>\n<input type=\"hidden\" name=\"g-recaptcha-response\" value=\"\" \/>\n<\/div>\n<p><label> Imi\u0119 (wymagane)<br \/>\n    <span class=\"wpcf7-form-control-wrap your-name\"><input type=\"text\" name=\"your-name\" value=\"\" size=\"40\" class=\"wpcf7-form-control wpcf7-text wpcf7-validates-as-required\" aria-required=\"true\" aria-invalid=\"false\" \/><\/span> <\/label><\/p>\n<p><label> Nazwisko (wymagane)<br \/>\n    <span class=\"wpcf7-form-control-wrap your-surname\"><input type=\"text\" name=\"your-surname\" value=\"\" size=\"40\" class=\"wpcf7-form-control wpcf7-text wpcf7-validates-as-required\" aria-required=\"true\" aria-invalid=\"false\" \/><\/span> <\/label><\/p>\n<p><label> Tw\u00f3j Email (wymagany)<br \/>\n    <span class=\"wpcf7-form-control-wrap your-email\"><input type=\"email\" name=\"your-email\" value=\"\" size=\"40\" class=\"wpcf7-form-control wpcf7-text wpcf7-email wpcf7-validates-as-required wpcf7-validates-as-email\" aria-required=\"true\" aria-invalid=\"false\" \/><\/span> <\/label><\/p>\n<p><label> Telefon (wymagany)<br \/>\n     <span class=\"wpcf7-form-control-wrap your-tel\"><input type=\"text\" name=\"your-tel\" value=\"\" size=\"40\" class=\"wpcf7-form-control wpcf7-text wpcf7-validates-as-required\" aria-required=\"true\" aria-invalid=\"false\" \/><\/span> <\/label><\/p>\n<p><label><a href=\"http:\/\/pwsz.chelm.pl\/pliki\/warunki_rodo.pdf\"> Warunki uczestnictwa oraz postanowienie RODO *<\/a><br \/>\n<span class=\"wpcf7-form-control-wrap acceptance-668\"><span class=\"wpcf7-form-control wpcf7-acceptance\"><span class=\"wpcf7-list-item\"><input type=\"checkbox\" name=\"acceptance-668\" value=\"1\" aria-invalid=\"false\" \/><\/span><\/span><\/span><\/label><\/p>\n<p><input type=\"submit\" value=\"Wy\u015blij\" class=\"wpcf7-form-control wpcf7-submit\" \/><\/p>\n<div class=\"wpcf7-response-output wpcf7-display-none\"><\/div><\/form><\/div><\/div>\n","protected":false},"excerpt":{"rendered":"<p>Pa\u0144stwowa Akademia Nauk Stosowanych w Che\u0142mie organizuje kursy przygotowuj\u0105ce do lotniczych egzamin\u00f3w j\u0119zykowych wg standard\u00f3w ICAO. Wieloletnie do\u015bwiadczenie oraz wysoki poziom kszta\u0142cenia przek\u0142adaj\u0105 si\u0119 na ponad 95 procentowy wynik zdawalno\u015bci os\u00f3b przygotowanych przez naszych lektor\u00f3w. Poni\u017csza oferta skierowana jest do pilot\u00f3w, kandydat\u00f3w na pilot\u00f3w oraz kontroler\u00f3w lotniczych, jej zalet\u0105 jest dostosowanie liczby godzin oraz poziomu&#8230; <\/p>\n<div class=\"clear\"><\/div>\n<p><a href=\"https:\/\/cl.panschelm.edu.pl\/?page_id=4775\" class=\"excerpt-read-more\">Czytaj wi\u0119cej<i class=\"fa fa-angle-double-right icon-double-angle-right\"><\/i><\/a><\/p>\n","protected":false},"author":1,"featured_media":0,"parent":0,"menu_order":0,"comment_status":"closed","ping_status":"closed","template":"","meta":{"footnotes":""},"class_list":["post-4775","page","type-page","status-publish","hentry"],"publishpress_future_action":{"enabled":false,"date":"1970-01-01 01:00:00","action":"","terms":[],"taxonomy":"","browser_timezone_offset":0},"_links":{"self":[{"href":"https:\/\/cl.panschelm.edu.pl\/index.php?rest_route=\/wp\/v2\/pages\/4775","targetHints":{"allow":["GET"]}}],"collection":[{"href":"https:\/\/cl.panschelm.edu.pl\/index.php?rest_route=\/wp\/v2\/pages"}],"about":[{"href":"https:\/\/cl.panschelm.edu.pl\/index.php?rest_route=\/wp\/v2\/types\/page"}],"author":[{"embeddable":true,"href":"https:\/\/cl.panschelm.edu.pl\/index.php?rest_route=\/wp\/v2\/users\/1"}],"replies":[{"embeddable":true,"href":"https:\/\/cl.panschelm.edu.pl\/index.php?rest_route=%2Fwp%2Fv2%2Fcomments&post=4775"}],"version-history":[{"count":10,"href":"https:\/\/cl.panschelm.edu.pl\/index.php?rest_route=\/wp\/v2\/pages\/4775\/revisions"}],"predecessor-version":[{"id":5705,"href":"https:\/\/cl.panschelm.edu.pl\/index.php?rest_route=\/wp\/v2\/pages\/4775\/revisions\/5705"}],"wp:attachment":[{"href":"https:\/\/cl.panschelm.edu.pl\/index.php?rest_route=%2Fwp%2Fv2%2Fmedia&parent=4775"}],"curies":[{"name":"wp","href":"https:\/\/api.w.org\/{rel}","templated":true}]}}