{"id":4795,"date":"2020-06-03T08:31:55","date_gmt":"2020-06-03T06:31:55","guid":{"rendered":"http:\/\/cl2.pwszchelm.pl\/?page_id=4795"},"modified":"2025-05-26T13:52:53","modified_gmt":"2025-05-26T11:52:53","slug":"zgloszenie-do-egzaminu-wg-standardow-icao","status":"publish","type":"page","link":"https:\/\/cl.panschelm.edu.pl\/?page_id=4795","title":{"rendered":"Zg\u0142oszenie do egzaminu wg standard\u00f3w ICAO"},"content":{"rendered":"<div class=\"gdlr-shortcode-wrapper\"><div class=\"gdlr-notification gdlr-item color-background\"  style=\"color:#ffffff; background-color:#99d15e; \" ><i class=\"fa fa-calendar\"><\/i><div class=\"notification-content\">Data najbli\u017cszej sesji - <strong>4 czerwca 2025<\/strong>.<\/div><div class=\"clear\"><\/div><\/div><\/div>\n<div class=\"gdlr-shortcode-wrapper\"><div class=\"gdlr-notification gdlr-item color-border\"  style=\"color:#000000; border-color:#99d15e; \" ><i class=\"fa fa-group\"><\/i><div class=\"notification-content\">Minimalna liczba zg\u0142osze\u0144 na sesj\u0119 egzaminacyjn\u0105 to \u00a08 os\u00f3b<\/div><div class=\"clear\"><\/div><\/div><\/div>\n<p>Egzaminy j\u0119zykowe KSEJ odbywaj\u0105 si\u0119 raz w miesi\u0105cu w Jednostce Terenowej ULC w Che\u0142mie przy ulicy Wojs\u0142awickiej 8. Dok\u0142adny termin egzamin\u00f3w podawany jest 2-3 tygodnie przed egzaminem. Do egzaminu mog\u0105 przyst\u0105pi\u0107 zar\u00f3wno studenci PANS Che\u0142m jak i osoby spoza uczelni. Op\u0142ata za egzamin jest zgodna z cennikiem Urz\u0119du Lotnictwa Cywilnego. Warunkiem podej\u015bcie do egzaminu jest wype\u0142nienie formularza zg\u0142oszeniowego z do\u0142\u0105czon\u0105 kopi\u0105 op\u0142aty egzaminacyjnej.<\/p>\n<p>Minimalna liczba zg\u0142osze\u0144 na sesj\u0119 egzaminacyjn\u0105 to \u00a08 os\u00f3b.<\/p>\n<p>Maksymalna liczba zg\u0142osze\u0144 na sesj\u0119 egzaminacyjn\u0105 to 20 (decyduje kolejno\u015b\u0107 zg\u0142osze\u0144).<\/p>\n<p>Op\u0142ata za egzamin w przypadku\u00a0<strong>zbyt ma\u0142ej<\/strong>\u00a0lub\u00a0<strong>zbyt du\u017cej<\/strong>\u00a0liczby kandydat\u00f3w b\u0119dzie dalej wa\u017cna zar\u00f3wno w Centrum Egzaminacyjnym Che\u0142m jak i Urz\u0119dzie Lotnictwa Cywilnego.<\/p>\n<p>Informacje na temat egzaminu, op\u0142at,\u00a0 dokument\u00f3w potrzebnych znajduj\u0105 si\u0119 w linku poni\u017cej:<\/p>\n<p><a href=\"http:\/\/www.ulc.gov.pl\/pl\/personel-lotniczy\/komisja-egzaminacyjna\/egzaminy-z-j-angielskiego\/3742-krajowy-system-egzaminow-jezykowych-ksej\">KSEJ-ULC<\/a><\/p>\n<p>&nbsp;<\/p>\n<p><strong>W razie w\u0105tpliwo\u015bci lub pyta\u0144, prosz\u0119 pisa\u0107 na adres:<\/strong><\/p>\n<p><strong>ksej@panschelm.edu.pl<\/strong><\/p>\n<div id=\"container\" class=\"ltr \">\n<h2 class=\"0\">Formularz zg\u0142oszeniowy<\/h2>\n<div class=\"0\">Po rejestracji pracownik o\u015brodka skontaktuje si\u0119 w celu ustaleniu szczeg\u00f3\u0142\u00f3w<\/div>\n<div><div role=\"form\" class=\"wpcf7\" id=\"wpcf7-f4798-o1\" lang=\"pl-PL\" dir=\"ltr\">\n<div class=\"screen-reader-response\"><\/div>\n<form action=\"\/index.php?rest_route=%2Fwp%2Fv2%2Fpages%2F4795#wpcf7-f4798-o1\" method=\"post\" class=\"wpcf7-form\" enctype=\"multipart\/form-data\" novalidate=\"novalidate\">\n<div style=\"display: none;\">\n<input type=\"hidden\" name=\"_wpcf7\" value=\"4798\" \/>\n<input type=\"hidden\" name=\"_wpcf7_version\" value=\"5.1.4\" \/>\n<input type=\"hidden\" name=\"_wpcf7_locale\" value=\"pl_PL\" \/>\n<input type=\"hidden\" name=\"_wpcf7_unit_tag\" value=\"wpcf7-f4798-o1\" \/>\n<input type=\"hidden\" name=\"_wpcf7_container_post\" value=\"0\" \/>\n<input type=\"hidden\" name=\"g-recaptcha-response\" value=\"\" \/>\n<\/div>\n<p><label> <b>Imi\u0119 (wymagane)<\/b><br \/>\n    <span class=\"wpcf7-form-control-wrap your-name\"><input type=\"text\" name=\"your-name\" value=\"\" size=\"40\" class=\"wpcf7-form-control wpcf7-text wpcf7-validates-as-required\" aria-required=\"true\" aria-invalid=\"false\" \/><\/span> <\/label><\/p>\n<p><label> <b>Nazwisko (wymagane)<\/b><br \/>\n    <span class=\"wpcf7-form-control-wrap your-surname\"><input type=\"text\" name=\"your-surname\" value=\"\" size=\"40\" class=\"wpcf7-form-control wpcf7-text wpcf7-validates-as-required\" aria-required=\"true\" aria-invalid=\"false\" \/><\/span> <\/label><\/p>\n<p><label> <b>Tw\u00f3j Email (wymagany)<\/b><br \/>\n    <span class=\"wpcf7-form-control-wrap your-email\"><input type=\"email\" name=\"your-email\" value=\"\" size=\"40\" class=\"wpcf7-form-control wpcf7-text wpcf7-email wpcf7-validates-as-required wpcf7-validates-as-email\" aria-required=\"true\" aria-invalid=\"false\" \/><\/span> <\/label><\/p>\n<p><label> <b>Telefon (wymagany)<\/b><br \/>\n     <span class=\"wpcf7-form-control-wrap your-tel\"><input type=\"text\" name=\"your-tel\" value=\"\" size=\"40\" class=\"wpcf7-form-control wpcf7-text wpcf7-validates-as-required\" aria-required=\"true\" aria-invalid=\"false\" \/><\/span> <\/label><\/p>\n<p><label> <b>Numer licencji<\/b><br \/>\n     <span class=\"wpcf7-form-control-wrap your-license\"><input type=\"text\" name=\"your-license\" value=\"\" size=\"40\" class=\"wpcf7-form-control wpcf7-text\" aria-invalid=\"false\" \/><\/span> <\/label><\/p>\n<p><label> <b> Dow\u00f3d wp\u0142aty (wymagany)<\/b><br \/>\n<span class=\"wpcf7-form-control-wrap file-851\"><input type=\"file\" name=\"file-851\" size=\"40\" class=\"wpcf7-form-control wpcf7-file wpcf7-validates-as-required\" accept=\".jpg,.jpeg,.png,.gif,.pdf,.doc,.docx,.ppt,.pptx,.odt,.avi,.ogg,.m4a,.mov,.mp3,.mp4,.mpg,.wav,.wmv\" aria-required=\"true\" aria-invalid=\"false\" \/><\/span> <\/label><\/p>\n<p><label><b><a href=\"http:\/\/pwsz.chelm.pl\/pliki\/warunki_rodo.pdf\"> Warunki uczestnictwa oraz postanowienie RODO *<\/a><\/b><br \/>\n<span class=\"wpcf7-form-control-wrap acceptance-668\"><span class=\"wpcf7-form-control wpcf7-acceptance\"><span class=\"wpcf7-list-item\"><input type=\"checkbox\" name=\"acceptance-668\" value=\"1\" aria-invalid=\"false\" \/><\/span><\/span><\/span><\/label><\/p>\n<p><input type=\"submit\" value=\"Wy\u015blij\" class=\"wpcf7-form-control wpcf7-submit\" \/><\/p>\n<div class=\"wpcf7-response-output wpcf7-display-none\"><\/div><\/form><\/div><\/div>\n<\/div>\n","protected":false},"excerpt":{"rendered":"<p>Egzaminy j\u0119zykowe KSEJ odbywaj\u0105 si\u0119 raz w miesi\u0105cu w Jednostce Terenowej ULC w Che\u0142mie przy ulicy Wojs\u0142awickiej 8. Dok\u0142adny termin egzamin\u00f3w podawany jest 2-3 tygodnie przed egzaminem. Do egzaminu mog\u0105 przyst\u0105pi\u0107 zar\u00f3wno studenci PANS Che\u0142m jak i osoby spoza uczelni. Op\u0142ata za egzamin jest zgodna z cennikiem Urz\u0119du Lotnictwa Cywilnego. Warunkiem podej\u015bcie do egzaminu jest&#8230; <\/p>\n<div class=\"clear\"><\/div>\n<p><a href=\"https:\/\/cl.panschelm.edu.pl\/?page_id=4795\" class=\"excerpt-read-more\">Czytaj wi\u0119cej<i class=\"fa fa-angle-double-right icon-double-angle-right\"><\/i><\/a><\/p>\n","protected":false},"author":1,"featured_media":0,"parent":0,"menu_order":0,"comment_status":"closed","ping_status":"closed","template":"","meta":{"footnotes":""},"class_list":["post-4795","page","type-page","status-publish","hentry"],"publishpress_future_action":{"enabled":false,"date":"1970-01-01 01:00:00","action":"","terms":[],"taxonomy":"","browser_timezone_offset":0},"_links":{"self":[{"href":"https:\/\/cl.panschelm.edu.pl\/index.php?rest_route=\/wp\/v2\/pages\/4795","targetHints":{"allow":["GET"]}}],"collection":[{"href":"https:\/\/cl.panschelm.edu.pl\/index.php?rest_route=\/wp\/v2\/pages"}],"about":[{"href":"https:\/\/cl.panschelm.edu.pl\/index.php?rest_route=\/wp\/v2\/types\/page"}],"author":[{"embeddable":true,"href":"https:\/\/cl.panschelm.edu.pl\/index.php?rest_route=\/wp\/v2\/users\/1"}],"replies":[{"embeddable":true,"href":"https:\/\/cl.panschelm.edu.pl\/index.php?rest_route=%2Fwp%2Fv2%2Fcomments&post=4795"}],"version-history":[{"count":11,"href":"https:\/\/cl.panschelm.edu.pl\/index.php?rest_route=\/wp\/v2\/pages\/4795\/revisions"}],"predecessor-version":[{"id":8209,"href":"https:\/\/cl.panschelm.edu.pl\/index.php?rest_route=\/wp\/v2\/pages\/4795\/revisions\/8209"}],"wp:attachment":[{"href":"https:\/\/cl.panschelm.edu.pl\/index.php?rest_route=%2Fwp%2Fv2%2Fmedia&parent=4795"}],"curies":[{"name":"wp","href":"https:\/\/api.w.org\/{rel}","templated":true}]}}