{"id":4966,"date":"2020-07-22T09:05:19","date_gmt":"2020-07-22T07:05:19","guid":{"rendered":"http:\/\/cl.pwszchelm.edu.pl\/?page_id=4966"},"modified":"2020-07-22T09:16:35","modified_gmt":"2020-07-22T07:16:35","slug":"formularz-zgloszenia","status":"publish","type":"page","link":"https:\/\/cl.panschelm.edu.pl\/?page_id=4966","title":{"rendered":"Formularz zg\u0142oszenia"},"content":{"rendered":"<p>Prosz\u0119 o precyzyjne opisanie zaistnia\u0142ej sytuacji.<\/p>\n<p>Zg\u0142oszenie jest anonimowe<\/p>\n<div role=\"form\" class=\"wpcf7\" id=\"wpcf7-f4965-o1\" lang=\"pl-PL\" dir=\"ltr\">\n<div class=\"screen-reader-response\"><\/div>\n<form action=\"\/index.php?rest_route=%2Fwp%2Fv2%2Fpages%2F4966#wpcf7-f4965-o1\" method=\"post\" class=\"wpcf7-form\" novalidate=\"novalidate\">\n<div style=\"display: none;\">\n<input type=\"hidden\" name=\"_wpcf7\" value=\"4965\" \/>\n<input type=\"hidden\" name=\"_wpcf7_version\" value=\"5.1.4\" \/>\n<input type=\"hidden\" name=\"_wpcf7_locale\" value=\"pl_PL\" \/>\n<input type=\"hidden\" name=\"_wpcf7_unit_tag\" value=\"wpcf7-f4965-o1\" \/>\n<input type=\"hidden\" name=\"_wpcf7_container_post\" value=\"0\" \/>\n<input type=\"hidden\" name=\"g-recaptcha-response\" value=\"\" \/>\n<\/div>\n<p><label> Temat (wymagane)<br \/>\n    <span class=\"wpcf7-form-control-wrap your-subject\"><input type=\"text\" name=\"your-subject\" value=\"\" size=\"40\" class=\"wpcf7-form-control wpcf7-text wpcf7-validates-as-required\" aria-required=\"true\" aria-invalid=\"false\" \/><\/span> <\/label><\/p>\n<p><label> Wiadomo\u015b\u0107 (wymagane)<br \/>\n    <span class=\"wpcf7-form-control-wrap your-message\"><textarea name=\"your-message\" cols=\"40\" rows=\"10\" class=\"wpcf7-form-control wpcf7-textarea wpcf7-validates-as-required\" aria-required=\"true\" aria-invalid=\"false\"><\/textarea><\/span> <\/label><\/p>\n<p><input type=\"submit\" value=\"Wy\u015blij\" class=\"wpcf7-form-control wpcf7-submit\" \/><\/p>\n<div class=\"wpcf7-response-output wpcf7-display-none\"><\/div><\/form><\/div>\n","protected":false},"excerpt":{"rendered":"<p>Prosz\u0119 o precyzyjne opisanie zaistnia\u0142ej sytuacji. Zg\u0142oszenie jest anonimowe<\/p>\n","protected":false},"author":1,"featured_media":0,"parent":0,"menu_order":0,"comment_status":"closed","ping_status":"closed","template":"","meta":{"footnotes":""},"class_list":["post-4966","page","type-page","status-publish","hentry"],"publishpress_future_action":{"enabled":false,"date":"1970-01-01 01:00:00","action":"","terms":[],"taxonomy":"","browser_timezone_offset":0},"_links":{"self":[{"href":"https:\/\/cl.panschelm.edu.pl\/index.php?rest_route=\/wp\/v2\/pages\/4966","targetHints":{"allow":["GET"]}}],"collection":[{"href":"https:\/\/cl.panschelm.edu.pl\/index.php?rest_route=\/wp\/v2\/pages"}],"about":[{"href":"https:\/\/cl.panschelm.edu.pl\/index.php?rest_route=\/wp\/v2\/types\/page"}],"author":[{"embeddable":true,"href":"https:\/\/cl.panschelm.edu.pl\/index.php?rest_route=\/wp\/v2\/users\/1"}],"replies":[{"embeddable":true,"href":"https:\/\/cl.panschelm.edu.pl\/index.php?rest_route=%2Fwp%2Fv2%2Fcomments&post=4966"}],"version-history":[{"count":5,"href":"https:\/\/cl.panschelm.edu.pl\/index.php?rest_route=\/wp\/v2\/pages\/4966\/revisions"}],"predecessor-version":[{"id":4972,"href":"https:\/\/cl.panschelm.edu.pl\/index.php?rest_route=\/wp\/v2\/pages\/4966\/revisions\/4972"}],"wp:attachment":[{"href":"https:\/\/cl.panschelm.edu.pl\/index.php?rest_route=%2Fwp%2Fv2%2Fmedia&parent=4966"}],"curies":[{"name":"wp","href":"https:\/\/api.w.org\/{rel}","templated":true}]}}