{"id":5021,"date":"2020-08-25T09:47:19","date_gmt":"2020-08-25T07:47:19","guid":{"rendered":"http:\/\/cl.pwszchelm.edu.pl\/?page_id=5021"},"modified":"2020-08-25T11:41:14","modified_gmt":"2020-08-25T09:41:14","slug":"ogolne-zasady-prowadzenia-procesu-kralifikacji","status":"publish","type":"page","link":"https:\/\/cl.panschelm.edu.pl\/?page_id=5021","title":{"rendered":"Og\u00f3lne zasady prowadzenia procesu kwalifikacji"},"content":{"rendered":"<p><strong>Og\u00f3le zasady prowadzenia Procesu KwalifikacjI<br \/>\nna szkolenie lotnicze \u2013 Pilota\u017c, dla student\u00f3w kierunku Mechanika i\u00a0budowa maszyn PWSZ w Che\u0142mie \u2013 2020 R.<\/strong><\/p>\n<p><strong>\u00a0<\/strong><\/p>\n<p><strong>harmonogram Post\u0119powania Kwalifikacyjnego<\/strong><\/p>\n<table width=\"658\">\n<tbody>\n<tr>\n<td width=\"177\"><strong>\u00a0<\/strong><\/td>\n<td width=\"217\"><\/td>\n<td width=\"263\"><\/td>\n<\/tr>\n<tr>\n<td width=\"177\"><strong>Do 11 wrze\u015bnia 2020 r. do godz. 12<sup>00<\/sup> <\/strong><\/td>\n<td width=\"217\">Rejestracja kandydat\u00f3w<\/td>\n<td width=\"263\">http:\/\/cl.pwszchelm.edu.pl\/?page_id=5008<\/td>\n<\/tr>\n<tr>\n<td width=\"177\"><strong>\u00a0<\/strong><\/td>\n<td width=\"217\"><\/td>\n<td width=\"263\"><\/td>\n<\/tr>\n<tr>\n<td width=\"177\"><strong>14 wrze\u015bnia 2020 r. <\/strong><\/p>\n<p><strong>od godz. 10<sup>00<\/sup><\/strong><\/td>\n<td width=\"217\">Cz\u0119\u015b\u0107 pisemna \u2013<\/p>\n<p>lotnicza oraz j\u0119zyk angielski<\/td>\n<td width=\"263\">Aula PWSZ w Che\u0142mie<\/td>\n<\/tr>\n<\/tbody>\n<\/table>\n<p><strong>\u00a0<\/strong><\/p>\n<p><strong>\u00a0<\/strong><\/p>\n<p><strong>Zasady prowadzenia kwalifikacji<\/strong><\/p>\n<p><strong>Sk\u0142adanie zg\u0142osze\u0144<\/strong><\/p>\n<p>Kandydaci zobowi\u0105zani s\u0105 do dokonania rejestracji internetowej, w terminie do <strong>11 wrze\u015bnia 2020 r.,<\/strong> kt\u00f3ra dost\u0119pna jest w zak\u0142adce <strong>Dla studenta -&gt; Kwalifikacja pilota\u017c -&gt; Formularz zg\u0142oszeniowy<\/strong> na stronie Centrum Lotniczego PWSZ w Che\u0142mie pod adresem: <a href=\"http:\/\/cl.pwszchelm.edu.pl\/?page_id=5008\"><u>http:\/\/cl.pwszchelm.edu.pl\/?page_id=5008<\/u><\/a>, kandydat wype\u0142nia <u>formularz<\/u>, kt\u00f3ry automatyczne zostaje przes\u0142any do Centrum Lotniczego PWSZ w Che\u0142mie.<\/p>\n<p>&nbsp;<\/p>\n<p>Do formularza nale\u017cy za\u0142\u0105czy\u0107 skan\/zdj\u0119cie:<\/p>\n<p><strong>DOKUMENTY PODSTAWOWE\/OBOWI\u0104ZKOWE (WSZYSCY KANDYDACI):<\/strong><\/p>\n<ul>\n<li>Orzeczenie lotniczo lekarskie klasy pierwszej<\/li>\n<\/ul>\n<p><strong>DOKUMENTY DODATKOWE\/nieobowi\u0105zkowe (KANDYDACI Z DO\u015aWIADCZENIEM LOTNICZYM)<\/strong><strong>:<\/strong><\/p>\n<ul>\n<li>Licencj\u0119 PPL(A)\/(H) albo Za\u015bwiadczenie LKE o zdanym egzaminie praktycznym do licencji pilota samolotowego PPL(A)\/(H);<\/li>\n<li>Licencj\u0119 szybowcow\u0105 PL(G) albo Za\u015bwiadczenie LKE o zdanym egzaminie praktycznym do licencji PL(G);<\/li>\n<li>Wpis w licencji lub certyfikat po\u015bwiadczaj\u0105cy znajomo\u015b\u0107 j\u0119zyka angielskiego na poziomie ICAO level 4;<\/li>\n<li>Wpis w licencji lub certyfikat po\u015bwiadczaj\u0105cy znajomo\u015b\u0107 j\u0119zyka angielskiego na poziomie ICAO level 5;<\/li>\n<li>Wpis w licencji lub certyfikat po\u015bwiadczaj\u0105cy znajomo\u015b\u0107 j\u0119zyka angielskiego na poziomie ICAO level 6;<\/li>\n<li>Certyfikat z j\u0119zyka angielskiego C1, C2;<\/li>\n<li>Za\u015bwiadczenie o uko\u0144czonym szkoleniu teoretycznym do ATPL(A);<\/li>\n<li>Za\u015bwiadczenie z ULC o zdanych egzaminach do ATPL(A)<\/li>\n<li>Wpis w licencji \u2013 VFR NOC lub stosowne za\u015bwiadczenie;<\/li>\n<\/ul>\n<p><strong>Dokumenty sk\u0142adane przez kandydat\u00f3w z deklarowanym nalotem:<\/strong><\/p>\n<ul>\n<li>Protok\u00f3\u0142 z egzaminu praktycznego PPL;<\/li>\n<li>Po\u015bwiadczenie nalotu w charakterze dow\u00f3dcy statku powietrznego (PIC) w lotach trasowych po uzyskaniu licencji \u2013 ksi\u0105\u017cka pilota samolotowego\/\u015bmig\u0142owego.<\/li>\n<\/ul>\n<p>Nie b\u0119d\u0105 przyjmowane wnioski sk\u0142adane osobi\u015bcie oraz przes\u0142ane w wersji papierowej poczt\u0105, dopuszczamy tylko rejestracj\u0119 elektroniczn\u0105.<\/p>\n<p><strong>\u00a0<\/strong><\/p>\n<p><strong>Cz\u0119\u015b\u0107 pisemna<\/strong><\/p>\n<p>W celu przeciwdzia\u0142ania rozprzestrzenianiu si\u0119 wirusa COVID-19 oraz maj\u0105c na wzgl\u0119dzie bezpiecze\u0144stwo kandydat\u00f3w, w roku 2020 rezygnuje si\u0119 z cz\u0119\u015bci ustnej post\u0119powania kwalifikacyjnego.<\/p>\n<p>&nbsp;<\/p>\n<p>Szczeg\u00f3\u0142owe dane dotycz\u0105ce miejsca oraz godziny przeprowadzenia cz\u0119\u015bci pisemnej w\u00a0zakresie og\u00f3lnej wiedzy o lotnictwie oraz j\u0119zyka angielskiego, zostan\u0105 przekazane kandydatom po zako\u0144czeniu elektronicznej rejestracji za po\u015brednictwem strony internetowej Centrum Lotniczego <a href=\"http:\/\/cl.pwszchelm.edu.pl\/\">http:\/\/cl.pwszchelm.edu.pl\/<\/a>. Tzn. w dniu 11 wrze\u015bnia 2020 r.<\/p>\n<p>&nbsp;<\/p>\n<p><strong>Udokumentowanie do\u015bwiadczenia lotniczego<\/strong><\/p>\n<p><strong>Do obowi\u0105zk\u00f3w kandydata nale\u017cy dostarczenie, w dniu 14 wrze\u015bnia 2020 r., wszystkich dokument\u00f3w, stanowi\u0105cych podstaw\u0119 prowadzenia procesu kwalifikacji oraz naliczania punkt\u00f3w<\/strong>, w tym:<\/p>\n<p>&nbsp;<\/p>\n<p><strong>DOKUMENTY PODSTAWOWE\/OBOWI\u0104ZKOWE (WSZYSCY KANDYDACI):<\/strong><\/p>\n<ul>\n<li>Orzeczenie lotniczo lekarskie klasy pierwszej<\/li>\n<\/ul>\n<p><strong>DOKUMENTY DODATKOWE\/nieobowi\u0105zkowe (KANDYDACI Z DO\u015aWIADCZENIEM LOTNICZYM)<\/strong><strong>:<\/strong><\/p>\n<ul>\n<li>Licencj\u0119 PPL(A)\/(H) albo Za\u015bwiadczenie LKE o zdanym egzaminie praktycznym do licencji pilota samolotowego PPL(A)\/(H);<\/li>\n<li>Licencj\u0119 szybowcow\u0105 PL(G) albo Za\u015bwiadczenie LKE o zdanym egzaminie praktycznym do licencji PL(G);<\/li>\n<li>Wpis w licencji lub certyfikat po\u015bwiadczaj\u0105cy znajomo\u015b\u0107 j\u0119zyka angielskiego na poziomie ICAO level 4;<\/li>\n<li>Wpis w licencji lub certyfikat po\u015bwiadczaj\u0105cy znajomo\u015b\u0107 j\u0119zyka angielskiego na poziomie ICAO level 5;<\/li>\n<li>Wpis w licencji lub certyfikat po\u015bwiadczaj\u0105cy znajomo\u015b\u0107 j\u0119zyka angielskiego na poziomie ICAO level 6;<\/li>\n<li>Certyfikat z j\u0119zyka angielskiego C1, C2;<\/li>\n<li>Za\u015bwiadczenie o uko\u0144czonym szkoleniu teoretycznym do ATPL(A);<\/li>\n<li>Za\u015bwiadczenie z ULC o zdanych egzaminach do ATPL(A)<\/li>\n<li>Wpis w licencji \u2013 VFR NOC lub stosowne za\u015bwiadczenie;<\/li>\n<\/ul>\n<p><strong>Dokumenty sk\u0142adane przez kandydat\u00f3w z deklarowanym nalotem:<\/strong><\/p>\n<ul>\n<li>Protok\u00f3\u0142 z egzaminu praktycznego PPL;<\/li>\n<li>Po\u015bwiadczenie nalotu w charakterze dow\u00f3dcy statku powietrznego (PIC) w lotach trasowych po uzyskaniu licencji \u2013 ksi\u0105\u017cka pilota samolotowego\/\u015bmig\u0142owego.<\/li>\n<\/ul>\n<p>&nbsp;<\/p>\n<p><strong>\u00a0<\/strong><\/p>\n<p><strong>UWAGA<\/strong><\/p>\n<p>Dokumenty, o kt\u00f3rych mowa powy\u017cej nale\u017cy z\u0142o\u017cy\u0107 w czasie dokonywania rejestracji uczestnik\u00f3w, w miejscu do tego specjalnie oznaczonym has\u0142em \u201eREJESTRACJA KANDYDAT\u00d3W\u201d, w teczce zawieraj\u0105cej spis przekazywanych dokument\u00f3w (<strong><u>spis musi by\u0107 sporz\u0105dzony w 2 egzemplarzach, za sporz\u0105dzenie spisu odpowiada kandydat<\/u><\/strong><u>)<\/u>. Odbi\u00f3r dokument\u00f3w po\u015bwiadcza cz\u0142onek Komisji.<\/p>\n<p>Potwierdzenie zaliczenia semestru, wysoko\u015b\u0107 \u015bredniej arytmetycznej ocen z egzamin\u00f3w i zalicze\u0144 oraz z wychowania fizycznego uzyskanych przez kandydata zostanie przekazana do Komisji Kwalifikacyjnej bezpo\u015brednio z Dzia\u0142u Obs\u0142ugi Studenta Instytutu Nauk Technicznych i Lotnictwa.<\/p>\n<p>&nbsp;<\/p>\n<p><strong>Informacje organizacyjne<\/strong><\/p>\n<p>Cz\u0119\u015b\u0107 pisemna odb\u0119dzie si\u0119 w pe\u0142nym rygorze sanitarnym, kandydaci zobowi\u0105zani s\u0105 do przyst\u0105pienia do egzaminu w maseczce po uprzednim dokonaniu dezynfekcji r\u0105k. Ponadto wszyscy uczestnicy musz\u0105 zachowa\u0107 dystans spo\u0142eczny.<\/p>\n<p>Na egzaminy pisemne ka\u017cdy student zobowi\u0105zany jest stawi\u0107 si\u0119 z <strong>wa\u017cn\u0105 legitymacj\u0105 studenck\u0105 oraz d\u0142ugopisem.<\/strong> Podczas egzamin\u00f3w pisemnych na sal\u0119 nie mo\u017cna wnosi\u0107 \u017cadnych urz\u0105dze\u0144 elektronicznych (tj. telefon\u00f3w, kalkulator\u00f3w, zegark\u00f3w itp.). Odzie\u017c wierzchni\u0105 tj. kurtki, marynarki nale\u017cy zostawi\u0107 w szatni. Na sal\u0119 nie wolno wnosi\u0107 plecak\u00f3w<\/p>\n<p>Studenci, kt\u00f3rzy nie zastosuj\u0105 si\u0119 do powy\u017cszych wytycznych nie zostan\u0105 wpuszczeni na sal\u0119 egzaminacyjn\u0105 b\u0105d\u017a zostan\u0105 usuni\u0119ci z egzaminu.<\/p>\n<p><strong>Zakres materia\u0142owy<\/strong><\/p>\n<p>Test z og\u00f3lnej wiedzy o lotnictwie \u2013 czas 100 min.<\/p>\n<p>Zakres teoretyczny do PPL(A):<\/p>\n<ul>\n<li>Prawo i przepisy lotnicze, procedury s\u0142u\u017cb ruchu lotniczego;<\/li>\n<li>Masa i wywa\u017cenie oraz osi\u0105gi i planowanie lotu;<\/li>\n<li>Nawigacja i radionawigacja;<\/li>\n<li>Meteorologia;<\/li>\n<li>Procedury operacyjne;<\/li>\n<li>Og\u00f3lna wiedza o samolocie;<\/li>\n<li>Zasady lotu;<\/li>\n<li>\u0141\u0105czno\u015b\u0107;<\/li>\n<li>Cz\u0142owiek \u2013 mo\u017cliwo\u015bci i ograniczenia;<\/li>\n<li>Og\u00f3lne bezpiecze\u0144stwo lot\u00f3w;<\/li>\n<li>Podstawy historii lotnictwa.<\/li>\n<\/ul>\n<p>&nbsp;<\/p>\n<p>Test z j\u0119zyka angielskiego \u2013 czas 60 min.<\/p>\n<p>Lista zagadnie\u0144 do egzaminu pisemnego z j\u0119zyka angielskiego:<\/p>\n<ul>\n<li>Grammar \u2013 English Tenses, Passive Voice, Conditionals (without mixed), Modal Verbs, Reported Speech<\/li>\n<li>Vocabulary: General Vocabulary, prepositions, phrasal verbs \u2013 B2 Level, Wordformation<\/li>\n<li>Reading \u2013 Aviation Context<\/li>\n<\/ul>\n<p><strong>\u00a0<\/strong><\/p>\n<p><strong>Poziom C1 lub C2 znajomo\u015bci j\u0119zyka angielskiego potwierdzony certyfikatem<\/strong><\/p>\n<ul>\n<li>Cambridge Certificates &#8211; Certificate in Advanced English (CAE, Certificate of Proficiency in English (CPE);<\/li>\n<li>Pearson Test of English (PTE) poziom 4 lub 5;<\/li>\n<li>Test of English as a Foreign Language (TOEFL) \u2013 co najmniej 95 pkt w wersji Internet-Based Test(IBT); Test of English as a Foreign Language (TOEFL) &#8211; co najmniej 190 pkt w wersji Computer-Based Test (CBT) uzupe\u0142nione o co najmniej 50 pkt z Test of Spoken English (TSE); Test of English as a Foreign Language (TOEFL) &#8211; co najmniej 610 pkt w wersji Paper-Based Test oraz o co najmniej 50 pkt z Test of Spoken English (TSE);<\/li>\n<li>Test of English for International Communication (TOEIC) listening and reading &#8211; co najmniej 850 pkt uzupe\u0142nione o co najmniej 330 z Test of English for International Communication (TOEIC) speaking and writing.<\/li>\n<\/ul>\n<p><strong>Komisja przyzna punkty z tytu\u0142u ICAO zdawane w nast\u0119puj\u0105cych systemach:<\/strong><br \/>\nKrajowy System Egzamin\u00f3w J\u0119zykowych (KSEJ), ELPAC, RELTA.<\/p>\n<p><strong>Spos\u00f3b liczenia nalotu dow\u00f3dczego w lotach trasowych (PIC XC):<\/strong><\/p>\n<p>Nalot liczony jest od daty uzyskania licencji PPL(A) i weryfikowany na podstawie ksi\u0105\u017cki lot\u00f3w.<\/p>\n<p>&nbsp;<\/p>\n<p>Obliczenia dokonuje si\u0119 stosuj\u0105c poni\u017csze zasady zaliczania PIC XC:<\/p>\n<ol>\n<li>Lot wykonany z punktu A do punktu A w czasie co najmniej 1 godziny i by\u0142o jedno l\u0105dowanie.<\/li>\n<li>Lot wykonany z punktu A do punktu B w dowolnym czasie i by\u0142o jedno l\u0105dowanie.<\/li>\n<\/ol>\n<p>&nbsp;<\/p>\n<p>Je\u017celi wykonano kilka odcink\u00f3w, nale\u017cy ka\u017cdy z nich wpisywa\u0107 oddzielnie. Wpisy \u0142\u0105czone z wi\u0119ksz\u0105 ilo\u015bci\u0105 l\u0105dowa\u0144 jak jeden nie s\u0105 uznawane jako PIC XC.<\/p>\n","protected":false},"excerpt":{"rendered":"<p>Og\u00f3le zasady prowadzenia Procesu KwalifikacjI na szkolenie lotnicze \u2013 Pilota\u017c, dla student\u00f3w kierunku Mechanika i\u00a0budowa maszyn PWSZ w Che\u0142mie \u2013 2020 R. \u00a0 harmonogram Post\u0119powania Kwalifikacyjnego \u00a0 Do 11 wrze\u015bnia 2020 r. do godz. 1200 Rejestracja kandydat\u00f3w http:\/\/cl.pwszchelm.edu.pl\/?page_id=5008 \u00a0 14 wrze\u015bnia 2020 r. od godz. 1000 Cz\u0119\u015b\u0107 pisemna \u2013 lotnicza oraz j\u0119zyk angielski Aula PWSZ&#8230; <\/p>\n<div class=\"clear\"><\/div>\n<p><a href=\"https:\/\/cl.panschelm.edu.pl\/?page_id=5021\" class=\"excerpt-read-more\">Czytaj wi\u0119cej<i class=\"fa fa-angle-double-right icon-double-angle-right\"><\/i><\/a><\/p>\n","protected":false},"author":1,"featured_media":0,"parent":0,"menu_order":0,"comment_status":"closed","ping_status":"closed","template":"","meta":{"footnotes":""},"class_list":["post-5021","page","type-page","status-publish","hentry"],"publishpress_future_action":{"enabled":false,"date":"1970-01-01 01:00:00","action":"","terms":[],"taxonomy":"","browser_timezone_offset":0},"_links":{"self":[{"href":"https:\/\/cl.panschelm.edu.pl\/index.php?rest_route=\/wp\/v2\/pages\/5021","targetHints":{"allow":["GET"]}}],"collection":[{"href":"https:\/\/cl.panschelm.edu.pl\/index.php?rest_route=\/wp\/v2\/pages"}],"about":[{"href":"https:\/\/cl.panschelm.edu.pl\/index.php?rest_route=\/wp\/v2\/types\/page"}],"author":[{"embeddable":true,"href":"https:\/\/cl.panschelm.edu.pl\/index.php?rest_route=\/wp\/v2\/users\/1"}],"replies":[{"embeddable":true,"href":"https:\/\/cl.panschelm.edu.pl\/index.php?rest_route=%2Fwp%2Fv2%2Fcomments&post=5021"}],"version-history":[{"count":7,"href":"https:\/\/cl.panschelm.edu.pl\/index.php?rest_route=\/wp\/v2\/pages\/5021\/revisions"}],"predecessor-version":[{"id":5052,"href":"https:\/\/cl.panschelm.edu.pl\/index.php?rest_route=\/wp\/v2\/pages\/5021\/revisions\/5052"}],"wp:attachment":[{"href":"https:\/\/cl.panschelm.edu.pl\/index.php?rest_route=%2Fwp%2Fv2%2Fmedia&parent=5021"}],"curies":[{"name":"wp","href":"https:\/\/api.w.org\/{rel}","templated":true}]}}