{"id":5054,"date":"2020-08-25T11:49:06","date_gmt":"2020-08-25T09:49:06","guid":{"rendered":"http:\/\/cl.pwszchelm.edu.pl\/?page_id=5054"},"modified":"2025-07-01T09:21:23","modified_gmt":"2025-07-01T07:21:23","slug":"ogolne-zasady-prowadzenia-procesu-kwalifikacji-dyspozytor-lotniczy","status":"publish","type":"page","link":"https:\/\/cl.panschelm.edu.pl\/?page_id=5054","title":{"rendered":"Og\u00f3lne zasady prowadzenia procesu kwalifikacji &#8211; dyspozytor lotniczy"},"content":{"rendered":"<p><strong>Og\u00f3le zasady prowadzenia Procesu Kwalifikacji na szkolenie lotnicze \u2013 Dyspozytor Lotniczy, dla student\u00f3w kierunku Mechanika i budowa maszyn PANS w Che\u0142mie \u2013 2025 R.<\/strong><\/p>\n<p><strong>\u00a0<\/strong><\/p>\n<h4 style=\"text-align: center;\"><span style=\"color: #13a538;\"><strong>Harmonogram Post\u0119powania Kwalifikacyjnego<\/strong><\/span><\/h4>\n<table width=\"809\">\n<tbody>\n<tr>\n<td width=\"329\"><strong>\u00a0<\/strong><\/td>\n<td width=\"217\"><\/td>\n<\/tr>\n<tr>\n<td width=\"329\"><strong>Do 30 wrze\u015bnia 2025 r. do godz. 12<sup>00<\/sup> <\/strong><\/td>\n<td width=\"217\">Rejestracja kandydat\u00f3w<\/td>\n<\/tr>\n<tr>\n<td width=\"329\"><strong>\u00a0<\/strong><\/td>\n<td width=\"217\"><\/td>\n<\/tr>\n<\/tbody>\n<\/table>\n<p><strong>\u00a0<\/strong><\/p>\n<p><strong>\u00a0<\/strong><\/p>\n<h4 style=\"text-align: center;\"><span style=\"color: #13a538;\"><strong>Zasady prowadzenia kwalifikacji<\/strong><\/span><\/h4>\n<p><strong>Sk\u0142adanie zg\u0142osze\u0144<\/strong><\/p>\n<p>Kandydaci zobowi\u0105zani s\u0105 do dokonania rejestracji internetowej, w terminie do <strong>30 wrze\u015bnia 2025 r.,<\/strong> kt\u00f3ra dost\u0119pna jest w zak\u0142adce <strong>Dla studenta -&gt; Kwalifikacja &#8211; dyspozytor lotniczy -&gt; Formularz zg\u0142oszeniowy<\/strong> na stronie Centrum Lotniczego PANS w Che\u0142mie pod adresem: <a href=\"http:\/\/cl.panschelm.edu.pl\/?page_id=5061\">http:\/\/cl.panschelm.edu.pl\/?page_id=5061<\/a><\/p>\n<p>&nbsp;<\/p>\n<p>Do formularza nale\u017cy za\u0142\u0105czy\u0107 skan\/zdj\u0119cie:<\/p>\n<p><strong>DOKUMENTY PODSTAWOWE\/OBOWI\u0104ZKOWE (WSZYSCY KANDYDACI):<\/strong><\/p>\n<ul>\n<li>Orzeczenie lotniczo-lekarskie klasy drugiej;<\/li>\n<li>Wype\u0142niony <a href=\"\/wp-content\/uploads\/2023\/03\/Wniosek_Dyspozytor_lotniczy_2023.doc\">wniosek(*.doc)<\/a> \/ <a href=\"\/wp-content\/uploads\/2023\/03\/Wniosek_Dyspozytor_lotniczy_2023.pdf\">(*.pdf)<\/a>.<\/li>\n<\/ul>\n<p>&nbsp;<\/p>\n<p>Nab\u00f3r prowadzimy do wyczerpania ilo\u015bci dost\u0119pnych miejsc (<strong>30<\/strong>),<br \/>\nw przypadku przekroczenia tej liczby decyduj\u0105ca b\u0119dzie wysoko\u015b\u0107 \u015bredniej uzyskanej przez kandydata za pierwszy rok studi\u00f3w.<\/p>\n<p>&nbsp;<\/p>\n<p><strong>Kryteria, kt\u00f3re musi spe\u0142nia\u0107 kandydat:<\/strong><\/p>\n<table width=\"96%\">\n<tbody>\n<tr>\n<td width=\"40%\"><strong>Status studenta<\/strong><\/td>\n<td width=\"59%\">zaliczenie 1, 2 semestru studi\u00f3w na kierunku Mechanika i budowa maszyn PANS w Che\u0142mie;<\/td>\n<\/tr>\n<tr>\n<td width=\"40%\"><strong>Dotycz\u0105ce obywatelstwa:<\/strong><\/td>\n<td width=\"59%\">Polskie;<\/td>\n<\/tr>\n<tr>\n<td width=\"40%\"><strong>Medyczne:<\/strong><\/td>\n<td width=\"59%\">kandydat do szkolenia musi posiada\u0107 wa\u017cne orzeczenie lotniczo-lekarskie klasy 2,<\/td>\n<\/tr>\n<tr>\n<td width=\"40%\"><strong>Dotycz\u0105ce znajomo\u015bci j\u0119zyka: <\/strong><\/td>\n<td width=\"59%\">kandydat do szkolenia musi pos\u0142ugiwa\u0107 si\u0119 j\u0119zykiem angielskim \u00a0w stopniu komunikatywnym;<\/td>\n<\/tr>\n<\/tbody>\n<\/table>\n<p>&nbsp;<\/p>\n","protected":false},"excerpt":{"rendered":"<p>Og\u00f3le zasady prowadzenia Procesu Kwalifikacji na szkolenie lotnicze \u2013 Dyspozytor Lotniczy, dla student\u00f3w kierunku Mechanika i budowa maszyn PANS w Che\u0142mie \u2013 2025 R. \u00a0 Harmonogram Post\u0119powania Kwalifikacyjnego \u00a0 Do 30 wrze\u015bnia 2025 r. do godz. 1200 Rejestracja kandydat\u00f3w \u00a0 \u00a0 \u00a0 Zasady prowadzenia kwalifikacji Sk\u0142adanie zg\u0142osze\u0144 Kandydaci zobowi\u0105zani s\u0105 do dokonania rejestracji internetowej, w&#8230; <\/p>\n<div class=\"clear\"><\/div>\n<p><a href=\"https:\/\/cl.panschelm.edu.pl\/?page_id=5054\" class=\"excerpt-read-more\">Czytaj wi\u0119cej<i class=\"fa fa-angle-double-right icon-double-angle-right\"><\/i><\/a><\/p>\n","protected":false},"author":1,"featured_media":0,"parent":0,"menu_order":0,"comment_status":"closed","ping_status":"closed","template":"","meta":{"footnotes":""},"class_list":["post-5054","page","type-page","status-publish","hentry"],"publishpress_future_action":{"enabled":false,"date":"1970-01-01 01:00:00","action":"","terms":[],"taxonomy":"","browser_timezone_offset":0},"_links":{"self":[{"href":"https:\/\/cl.panschelm.edu.pl\/index.php?rest_route=\/wp\/v2\/pages\/5054","targetHints":{"allow":["GET"]}}],"collection":[{"href":"https:\/\/cl.panschelm.edu.pl\/index.php?rest_route=\/wp\/v2\/pages"}],"about":[{"href":"https:\/\/cl.panschelm.edu.pl\/index.php?rest_route=\/wp\/v2\/types\/page"}],"author":[{"embeddable":true,"href":"https:\/\/cl.panschelm.edu.pl\/index.php?rest_route=\/wp\/v2\/users\/1"}],"replies":[{"embeddable":true,"href":"https:\/\/cl.panschelm.edu.pl\/index.php?rest_route=%2Fwp%2Fv2%2Fcomments&post=5054"}],"version-history":[{"count":11,"href":"https:\/\/cl.panschelm.edu.pl\/index.php?rest_route=\/wp\/v2\/pages\/5054\/revisions"}],"predecessor-version":[{"id":8590,"href":"https:\/\/cl.panschelm.edu.pl\/index.php?rest_route=\/wp\/v2\/pages\/5054\/revisions\/8590"}],"wp:attachment":[{"href":"https:\/\/cl.panschelm.edu.pl\/index.php?rest_route=%2Fwp%2Fv2%2Fmedia&parent=5054"}],"curies":[{"name":"wp","href":"https:\/\/api.w.org\/{rel}","templated":true}]}}