{"id":5075,"date":"2020-09-03T08:14:55","date_gmt":"2020-09-03T06:14:55","guid":{"rendered":"http:\/\/cl.pwszchelm.edu.pl\/?page_id=5075"},"modified":"2025-09-03T11:28:46","modified_gmt":"2025-09-03T09:28:46","slug":"kwalifikacja-na-szkolenie-personelu-technicznego","status":"publish","type":"page","link":"https:\/\/cl.panschelm.edu.pl\/?page_id=5075","title":{"rendered":"Kwalifikacja na Szkolenie Personelu Technicznego"},"content":{"rendered":"<h4 style=\"text-align: center;\"><strong>Kwalifikacja na szkolenie personelu technicznego<br \/>\n<\/strong><strong>dla student\u00f3w kierunku Mechanika i Budowa Maszyn PANS w Che\u0142mie \u2013 2025 r.<\/strong><\/h4>\n<h5><strong>Terminarz Post\u0119powania Kwalifikacyjnego<\/strong><\/h5>\n<p><strong><span style=\"color: #ff0000;\">do 22 wrze\u015bnia 2025<\/span> \u2013<\/strong> z\u0142o\u017cenie osobi\u015bcie lub drog\u0105 elektroniczn\u0105 wniosku o przyj\u0119cie na szkolenie przez zainteresowanych podj\u0119ciem studi\u00f3w na specjalno\u015bci mechanika lotnicza (<a href=\"mailto:part147@panschelm.edu.pl\">part147@panschelm.edu.pl<\/a>) oraz dostarczenie <u>za\u015bwiadczenia lekarskiego<\/u>,<\/p>\n<p><em>Skierowanie na badania lekarskie nale\u017cy pobra\u0107 w dziekanacie Nauk Technicznych i Lotnictwa\u00a0 (pok. 111).<\/em><\/p>\n<p><strong>26 wrze\u015bnia 2025 &#8211; <\/strong>posiedzenie Komisji Kwalifikacyjnej oraz og\u0142oszenie listy os\u00f3b zakwalifikowanych na szkolenie personelu technicznego. Lista os\u00f3b przyj\u0119tych zostanie og\u0142oszona na stronie Centrum Lotniczego <u>www.cl.panschelm.edu.pl.<\/u><\/p>\n<p><strong>\u00a0<\/strong><\/p>\n<p>Dopuszcza si\u0119 mo\u017cliwo\u015b\u0107 zmiany terminarza. O zmianie terminarza decyduje Dyrektor Centrum Lotniczego. W przypadku wprowadzenia zmian informuje student\u00f3w zamieszczaj\u0105c stosowne og\u0142oszenie na stronie internetowej Centrum Lotniczego <a href=\"http:\/\/www.cl.panschelm.edu.pl\">www.cl.panschelm.edu.pl<\/a>.<\/p>\n<p>&nbsp;<\/p>\n<h5><strong>Zasady prowadzenia kwalifikacji:<\/strong><\/h5>\n<h5>Na specjalno\u015b\u0107 mechanika lotnicza mo\u017ce zosta\u0107 przyj\u0119ta osoba:<\/h5>\n<ul>\n<li>kt\u00f3ra w okre\u015blonym terminie z\u0142o\u017cy\u0142a wniosek o przyj\u0119cie na specjalno\u015b\u0107;<\/li>\n<li>posiadaj\u0105ca aktualne za\u015bwiadczenie lekarskie stwierdzaj\u0105ce brak przeciwwskaza\u0144 do studiowania na specjalno\u015bci mechanika lotnicza (praca na wysoko\u015bci powy\u017cej 3m, oraz promieniowanie jonizuj\u0105ce)<\/li>\n<\/ul>\n<h5><strong>Wymagane dokumenty:<\/strong><\/h5>\n<ol>\n<li>Kandydaci ubiegaj\u0105c si\u0119 o przyj\u0119cie na szkolenie personelu lotniczego sk\u0142adaj\u0105 nast\u0119puj\u0105ce dokumenty:<\/li>\n<\/ol>\n<ul>\n<li>skan wype\u0142nionego <u>komputerowo<\/u> i podpisanego wniosku o zakwalifikowanie do procesu rekrutacyjnego \/ <a href=\"\/wp-content\/uploads\/2025\/07\/WNIOSEK_PP_2025.doc\">Pobierz wniosek<\/a> \/<\/li>\n<li>najp\u00f3\u017aniej do 25 wrze\u015bnia 2025 nale\u017cy dostarczy\u0107 za\u015bwiadczenie lekarskie stwierdzaj\u0105ce brak przeciwwskaza\u0144 do studiowania na specjalno\u015bci mechanika lotnicza.<br \/>\n<em><u>Skierowanie na badanie nale\u017cy pobra\u0107 z dziekanatu (pok.111)<\/u><\/em><\/li>\n<\/ul>\n<ol start=\"2\">\n<li>Kandydaci sk\u0142adaj\u0105 ponadto drog\u0105 elektroniczn\u0105 kopie stosownych za\u015bwiadcze\u0144 oraz dokument\u00f3w po\u015bwiadczaj\u0105cych praktyk\u0119 przy sprz\u0119cie lotniczym.<\/li>\n<\/ol>\n<p>&nbsp;<\/p>\n<h5><strong>Dokumenty do pobrania<\/strong><strong>:<\/strong><\/h5>\n<p><strong><u><a href=\"\/wp-content\/uploads\/2025\/07\/WNIOSEK_PP_2025.doc\">Wniosek 2025<\/a><\/u><\/strong><\/p>\n<p><strong>*Wniosek o zakwalifikowanie do procesu rekrutacyjnego na szkolenie lotnicze; (wniosek\u00a0 nale\u017cy wype\u0142ni\u0107 elektronicznie, wydrukowa\u0107 obustronnie i odr\u0119cznie podpisa\u0107)<\/strong><\/p>\n","protected":false},"excerpt":{"rendered":"<p>Kwalifikacja na szkolenie personelu technicznego dla student\u00f3w kierunku Mechanika i Budowa Maszyn PANS w Che\u0142mie \u2013 2025 r. Terminarz Post\u0119powania Kwalifikacyjnego do 22 wrze\u015bnia 2025 \u2013 z\u0142o\u017cenie osobi\u015bcie lub drog\u0105 elektroniczn\u0105 wniosku o przyj\u0119cie na szkolenie przez zainteresowanych podj\u0119ciem studi\u00f3w na specjalno\u015bci mechanika lotnicza (part147@panschelm.edu.pl) oraz dostarczenie za\u015bwiadczenia lekarskiego, Skierowanie na badania lekarskie nale\u017cy pobra\u0107&#8230; <\/p>\n<div class=\"clear\"><\/div>\n<p><a href=\"https:\/\/cl.panschelm.edu.pl\/?page_id=5075\" class=\"excerpt-read-more\">Czytaj wi\u0119cej<i class=\"fa fa-angle-double-right icon-double-angle-right\"><\/i><\/a><\/p>\n","protected":false},"author":3,"featured_media":0,"parent":0,"menu_order":0,"comment_status":"closed","ping_status":"closed","template":"","meta":{"footnotes":""},"class_list":["post-5075","page","type-page","status-publish","hentry"],"publishpress_future_action":{"enabled":false,"date":"1970-01-01 01:00:00","action":"","terms":[],"taxonomy":"","browser_timezone_offset":0},"_links":{"self":[{"href":"https:\/\/cl.panschelm.edu.pl\/index.php?rest_route=\/wp\/v2\/pages\/5075","targetHints":{"allow":["GET"]}}],"collection":[{"href":"https:\/\/cl.panschelm.edu.pl\/index.php?rest_route=\/wp\/v2\/pages"}],"about":[{"href":"https:\/\/cl.panschelm.edu.pl\/index.php?rest_route=\/wp\/v2\/types\/page"}],"author":[{"embeddable":true,"href":"https:\/\/cl.panschelm.edu.pl\/index.php?rest_route=\/wp\/v2\/users\/3"}],"replies":[{"embeddable":true,"href":"https:\/\/cl.panschelm.edu.pl\/index.php?rest_route=%2Fwp%2Fv2%2Fcomments&post=5075"}],"version-history":[{"count":12,"href":"https:\/\/cl.panschelm.edu.pl\/index.php?rest_route=\/wp\/v2\/pages\/5075\/revisions"}],"predecessor-version":[{"id":8704,"href":"https:\/\/cl.panschelm.edu.pl\/index.php?rest_route=\/wp\/v2\/pages\/5075\/revisions\/8704"}],"wp:attachment":[{"href":"https:\/\/cl.panschelm.edu.pl\/index.php?rest_route=%2Fwp%2Fv2%2Fmedia&parent=5075"}],"curies":[{"name":"wp","href":"https:\/\/api.w.org\/{rel}","templated":true}]}}