{"id":5097,"date":"2020-09-09T14:32:43","date_gmt":"2020-09-09T12:32:43","guid":{"rendered":"http:\/\/cl.pwszchelm.edu.pl\/?page_id=5097"},"modified":"2022-05-17T18:24:09","modified_gmt":"2022-05-17T16:24:09","slug":"personel-techniczny","status":"publish","type":"page","link":"https:\/\/cl.panschelm.edu.pl\/?page_id=5097","title":{"rendered":"Personel techniczny"},"content":{"rendered":"<p>Centrum Lotnicze PANS w Che\u0142mie prowadzi nab\u00f3r na <strong><em>szkolenie personelu technicznego,\u00a0<\/em><\/strong>kt\u00f3re b\u0119d\u0105 mogli nieodp\u0142atnie realizowa\u0107 studenci Pa\u0144stwowej Akademii Nauk Stosowanych w Che\u0142mie.<\/p>\n<p><strong>Og\u00f3le za\u0142o\u017cenia:<\/strong><\/p>\n<p><strong>Cel szkolenia:\u00a0<\/strong>uzyskanie wiedzy i umiej\u0119tno\u015bci w zakresie wykonywania obs\u0142ug statk\u00f3w powietrznych oraz uzyskanie certyfikatu uko\u0144czenia szkolenia podstawowego do licencji mechanika lotniczego.<\/p>\n<p>Kryteria, kt\u00f3re musi spe\u0142nia\u0107 kandydat:<\/p>\n<p><strong>Uko\u0144czony 1 rok studi\u00f3w<\/strong> kierunku <strong>Mechanika i Budowa Maszyn PANS w Che\u0142mie\u00a0<\/strong><\/p>\n<table style=\"height: 86px;\">\n<tbody>\n<tr>\n<td style=\"text-align: left;\" width=\"203\"><strong>Formalne:<\/strong><\/td>\n<td>\n<ul>\n<li style=\"text-align: left;\">Z\u0142o\u017cenie elektronicznie (skan) wniosku na adres <a href=\"mailto:part147@panschelm.edu,pl\">part147@panschelm.edu.pl<\/a><\/li>\n<li style=\"text-align: left;\">Dostarczenie odpowiednich bada\u0144 lekarskich<\/li>\n<\/ul>\n<\/td>\n<\/tr>\n<\/tbody>\n<\/table>\n<p><strong>Zakres:<\/strong><\/p>\n<p>1000 godzin szkolenia praktycznego oraz 1000 godzin szkolenia teoretycznego.<\/p>\n<p>Szkolenie zostanie przeprowadzone w systemie stacjonarnym w ci\u0105gu 6 semestr\u00f3w.<\/p>\n<p>Termin sk\u0142adania wniosk\u00f3w:\u00a0<strong>do godz. 12:00\u00a0, 28 wrzesie\u0144 2020 r.<\/strong><\/p>\n","protected":false},"excerpt":{"rendered":"<p>Centrum Lotnicze PANS w Che\u0142mie prowadzi nab\u00f3r na szkolenie personelu technicznego,\u00a0kt\u00f3re b\u0119d\u0105 mogli nieodp\u0142atnie realizowa\u0107 studenci Pa\u0144stwowej Akademii Nauk Stosowanych w Che\u0142mie. Og\u00f3le za\u0142o\u017cenia: Cel szkolenia:\u00a0uzyskanie wiedzy i umiej\u0119tno\u015bci w zakresie wykonywania obs\u0142ug statk\u00f3w powietrznych oraz uzyskanie certyfikatu uko\u0144czenia szkolenia podstawowego do licencji mechanika lotniczego. Kryteria, kt\u00f3re musi spe\u0142nia\u0107 kandydat: Uko\u0144czony 1 rok studi\u00f3w kierunku&#8230; <\/p>\n<div class=\"clear\"><\/div>\n<p><a href=\"https:\/\/cl.panschelm.edu.pl\/?page_id=5097\" class=\"excerpt-read-more\">Czytaj wi\u0119cej<i class=\"fa fa-angle-double-right icon-double-angle-right\"><\/i><\/a><\/p>\n","protected":false},"author":3,"featured_media":0,"parent":0,"menu_order":0,"comment_status":"closed","ping_status":"closed","template":"","meta":{"footnotes":""},"class_list":["post-5097","page","type-page","status-publish","hentry"],"publishpress_future_action":{"enabled":false,"date":"1970-01-01 01:00:00","action":"","terms":[],"taxonomy":"","browser_timezone_offset":0},"_links":{"self":[{"href":"https:\/\/cl.panschelm.edu.pl\/index.php?rest_route=\/wp\/v2\/pages\/5097","targetHints":{"allow":["GET"]}}],"collection":[{"href":"https:\/\/cl.panschelm.edu.pl\/index.php?rest_route=\/wp\/v2\/pages"}],"about":[{"href":"https:\/\/cl.panschelm.edu.pl\/index.php?rest_route=\/wp\/v2\/types\/page"}],"author":[{"embeddable":true,"href":"https:\/\/cl.panschelm.edu.pl\/index.php?rest_route=\/wp\/v2\/users\/3"}],"replies":[{"embeddable":true,"href":"https:\/\/cl.panschelm.edu.pl\/index.php?rest_route=%2Fwp%2Fv2%2Fcomments&post=5097"}],"version-history":[{"count":6,"href":"https:\/\/cl.panschelm.edu.pl\/index.php?rest_route=\/wp\/v2\/pages\/5097\/revisions"}],"predecessor-version":[{"id":5712,"href":"https:\/\/cl.panschelm.edu.pl\/index.php?rest_route=\/wp\/v2\/pages\/5097\/revisions\/5712"}],"wp:attachment":[{"href":"https:\/\/cl.panschelm.edu.pl\/index.php?rest_route=%2Fwp%2Fv2%2Fmedia&parent=5097"}],"curies":[{"name":"wp","href":"https:\/\/api.w.org\/{rel}","templated":true}]}}