{"id":8145,"date":"2025-05-16T10:15:04","date_gmt":"2025-05-16T08:15:04","guid":{"rendered":"https:\/\/cl.panschelm.edu.pl\/?page_id=8145"},"modified":"2025-10-15T13:51:57","modified_gmt":"2025-10-15T11:51:57","slug":"kontroler-ruchu-lotniczego-praktykant","status":"publish","type":"page","link":"https:\/\/cl.panschelm.edu.pl\/?page_id=8145","title":{"rendered":"Kontroler Ruchu Lotniczego Praktykant"},"content":{"rendered":"<div class=\"text-article\">\n<h1>Kontroler Ruchu Lotniczego Praktykant<\/h1>\n<\/div>\n<div class=\"text-article\">\n<p>Og\u0142aszamy nab\u00f3r na szkolenie lotnicze Kontroler Ruchu Lotniczego &#8211; Praktykant, kt\u00f3re mog\u0105 realizowa\u0107 studenci studi\u00f3w stacjonarnych PANS w Che\u0142mie \u2013 wszystkie kierunki.<\/p>\n<p><strong><em>Kryteria, kt\u00f3re musi spe\u0142nia\u0107 kandydat:<\/em><\/strong><\/p>\n<table border=\"0\" cellspacing=\"0\" cellpadding=\"0\" align=\"left\">\n<tbody>\n<tr>\n<td style=\"text-align: left;\" width=\"40%\"><strong>Status studenta<\/strong><\/td>\n<td style=\"text-align: left;\" width=\"59%\">studenci II, III roku wszystkich kierunk\u00f3w studi\u00f3w stacjonarnych PANS w Che\u0142mie, <strong>z wy\u0142\u0105czeniem student\u00f3w kier. Mechanika i budowa maszyn, realizuj\u0105cych praktyczne kszta\u0142cenie lotnicze w PANS w Che\u0142mie (Pilot, Mechanik, Dyspozytor)<\/strong><\/td>\n<\/tr>\n<tr>\n<td style=\"text-align: left;\" width=\"40%\"><strong>Medyczne:<\/strong><\/td>\n<td style=\"text-align: left;\" width=\"59%\">kandydat do szkolenia musi posiada\u0107 wa\u017cne orzeczenie lotniczo-lekarskie minimum klasy 3, (nale\u017cy je dostarczy\u0107 dopiero przed rozpocz\u0119ciem szkolenia)<\/td>\n<\/tr>\n<tr>\n<td style=\"text-align: left;\" width=\"40%\"><strong>Dotycz\u0105ce znajomo\u015bci j\u0119zyka angielskiego: <\/strong><\/td>\n<td style=\"text-align: left;\" width=\"59%\">kandydat do szkolenia musi pos\u0142ugiwa\u0107 si\u0119 j\u0119zykiem angielskim<br \/>\nw stopniu komunikatywnym;<\/td>\n<\/tr>\n<tr>\n<td style=\"text-align: left;\" width=\"40%\"><strong>Dotycz\u0105ce znajomo\u015bci j\u0119zyka polskiego:<\/strong><\/td>\n<td style=\"text-align: left;\" width=\"59%\">cudzoziemcy, b\u0105d\u017a studenci kt\u00f3rzy zostali przyj\u0119ci na studia w PANS w Che\u0142mie, na podstawie dokumentu r\u00f3wnowa\u017cnemu polskiemu \u015bwiadectwu dojrza\u0142o\u015bci zobowi\u0105zani s\u0105 do przed\u0142o\u017cenia za\u015bwiadczenia o znajomo\u015bci j\u0119zyka polskiego na poziomie ICAO minimum 4, zdanego wed\u0142ug systemu KSEJ<\/td>\n<\/tr>\n<\/tbody>\n<\/table>\n<p>&nbsp;<\/p>\n<h2><strong>Harmonogram post\u0119powania kwalifikacyjnego<\/strong><\/h2>\n<table width=\"96%\">\n<tbody>\n<tr>\n<td width=\"26%\"><strong>Do 31 pa\u017adziernika \u00a02025 r.<br \/>\ndo godz. 24<sup>00<\/sup> <\/strong><\/td>\n<td width=\"33%\">Rejestracja kandydat\u00f3w<\/td>\n<td width=\"39%\">Za pomoc\u0105 <a href=\"https:\/\/cl.panschelm.edu.pl\/?page_id=7684\">formularza<\/a> dost\u0119pnego na stronie\u00a0 centrum Lotniczego<\/td>\n<\/tr>\n<\/tbody>\n<\/table>\n<h2><strong>Zasady prowadzenia kwalifikacji<\/strong><\/h2>\n<h3><strong>ZG\u0141OSZENIA<\/strong><\/h3>\n<p>Kandydaci zobowi\u0105zani s\u0105 do dokonania rejestracji internetowej, w terminie do <strong>\u00a031 pa\u017adziernika \u00a02025 r. do godz. 24<sup>00<\/sup> <\/strong>kt\u00f3ra dost\u0119pna jest w zak\u0142adce <strong>dla studenta\/<a href=\"https:\/\/cl.panschelm.edu.pl\/?page_id=7684\">Formularz zg\u0142oszeniowy<\/a><\/strong> <strong>KRL<\/strong> na stronie Centrum Lotniczego PANS w Che\u0142mie pod adresem: <a href=\"https:\/\/cl.panschelm.edu.pl\/\">https:\/\/cl.panschelm.edu.pl\/<\/a><\/p>\n<h3><strong>Proces wyboru uczestnik\u00f3w szkolenia etap I<\/strong><\/h3>\n<p>Spo\u015br\u00f3d os\u00f3b, kt\u00f3re dokona\u0142y zg\u0142oszenia na szkolenie, Komisja dokona <u>wyboru<\/u> grupy student\u00f3w, na podstawie wynik\u00f3w z:<\/p>\n<ul>\n<li>rozmowy kwalifikacyjnej obejmuj\u0105cej sprawdzenie znajomo\u015bci j\u0119zyka angielskiego oraz predyspozycji psychologicznych;<\/li>\n<\/ul>\n<p><strong>Zakres rozmowy z j\u0119zyka angielskiego:<\/strong><\/p>\n<ul>\n<li>Self-presentation;<\/li>\n<li>Picture\u00a0description\u00a0\u2013\u00a0General\u00a0and\u00a0Aviation\u00a0topics;<\/li>\n<li>General topics \u2013 hobbies, free time activities, travelling, sport, health, family and social life, aviation, society, state and politics, food, culture.<\/li>\n<\/ul>\n<\/div>\n","protected":false},"excerpt":{"rendered":"<p>Kontroler Ruchu Lotniczego Praktykant Og\u0142aszamy nab\u00f3r na szkolenie lotnicze Kontroler Ruchu Lotniczego &#8211; Praktykant, kt\u00f3re mog\u0105 realizowa\u0107 studenci studi\u00f3w stacjonarnych PANS w Che\u0142mie \u2013 wszystkie kierunki. Kryteria, kt\u00f3re musi spe\u0142nia\u0107 kandydat: Status studenta studenci II, III roku wszystkich kierunk\u00f3w studi\u00f3w stacjonarnych PANS w Che\u0142mie, z wy\u0142\u0105czeniem student\u00f3w kier. Mechanika i budowa maszyn, realizuj\u0105cych praktyczne kszta\u0142cenie&#8230; <\/p>\n<div class=\"clear\"><\/div>\n<p><a href=\"https:\/\/cl.panschelm.edu.pl\/?page_id=8145\" class=\"excerpt-read-more\">Czytaj wi\u0119cej<i class=\"fa fa-angle-double-right icon-double-angle-right\"><\/i><\/a><\/p>\n","protected":false},"author":5,"featured_media":0,"parent":0,"menu_order":0,"comment_status":"closed","ping_status":"closed","template":"","meta":{"footnotes":""},"class_list":["post-8145","page","type-page","status-publish","hentry"],"publishpress_future_action":{"enabled":false,"date":"1970-01-01 01:00:00","action":"","terms":[],"taxonomy":"","browser_timezone_offset":0},"_links":{"self":[{"href":"https:\/\/cl.panschelm.edu.pl\/index.php?rest_route=\/wp\/v2\/pages\/8145","targetHints":{"allow":["GET"]}}],"collection":[{"href":"https:\/\/cl.panschelm.edu.pl\/index.php?rest_route=\/wp\/v2\/pages"}],"about":[{"href":"https:\/\/cl.panschelm.edu.pl\/index.php?rest_route=\/wp\/v2\/types\/page"}],"author":[{"embeddable":true,"href":"https:\/\/cl.panschelm.edu.pl\/index.php?rest_route=\/wp\/v2\/users\/5"}],"replies":[{"embeddable":true,"href":"https:\/\/cl.panschelm.edu.pl\/index.php?rest_route=%2Fwp%2Fv2%2Fcomments&post=8145"}],"version-history":[{"count":10,"href":"https:\/\/cl.panschelm.edu.pl\/index.php?rest_route=\/wp\/v2\/pages\/8145\/revisions"}],"predecessor-version":[{"id":8780,"href":"https:\/\/cl.panschelm.edu.pl\/index.php?rest_route=\/wp\/v2\/pages\/8145\/revisions\/8780"}],"wp:attachment":[{"href":"https:\/\/cl.panschelm.edu.pl\/index.php?rest_route=%2Fwp%2Fv2%2Fmedia&parent=8145"}],"curies":[{"name":"wp","href":"https:\/\/api.w.org\/{rel}","templated":true}]}}